{"id":129,"date":"2025-10-11T21:57:22","date_gmt":"2025-10-11T19:57:22","guid":{"rendered":"http:\/\/192.168.0.208\/?page_id=3"},"modified":"2025-11-12T14:03:09","modified_gmt":"2025-11-12T13:03:09","slug":"politique-de-confidentialite-2","status":"publish","type":"page","link":"https:\/\/rct37.fr\/index.php\/politique-de-confidentialite-2\/","title":{"rendered":"Mentions l\u00e9gales"},"content":{"rendered":"\n<div class=\"wp-block-columns alignwide is-layout-flex wp-container-core-columns-is-layout-28f84493 wp-block-columns-is-layout-flex\">\n<div class=\"wp-block-column is-layout-flow wp-block-column-is-layout-flow\">\n<h1 class=\"wp-block-heading\"><strong>Mentions l\u00e9gales<\/strong><\/h1>\n\n\n\n<h1 class=\"wp-block-heading is-style-text-annotation has-x-large-font-size is-style-text-annotation--1\"><strong>1. Pr\u00e9sentation du site<\/strong><\/h1>\n\n\n\n<p>Le pr\u00e9sent site web, accessible \u00e0 l\u2019adresse <strong><a href=\"https:\/\/www.ref37.fr\">https:\/\/www.ref37.fr<\/a><\/strong> (ci-apr\u00e8s \u00ab le Site \u00bb), est \u00e9dit\u00e9 par :<\/p>\n\n\n\n<p><strong>RCT37 \u2013 Radio Club de Touraine 37<\/strong><br>Association loi 1901<br><strong>Si\u00e8ge social :<\/strong> 30 Bis rue de Su\u00e8de, 37000 TOURS, France<br><strong>SIRET :<\/strong> 344 580 808<br><strong>Directeur de la publication :<\/strong> M. Chailleux<br><strong>Contact :<\/strong> <a>stephen.chailleux@outlook.fr<\/a><\/p>\n\n\n\n<hr class=\"wp-block-separator has-alpha-channel-opacity\"\/>\n\n\n\n<h2 class=\"wp-block-heading is-style-text-annotation has-x-large-font-size is-style-text-annotation--2\"><strong>2. H\u00e9bergeur<\/strong><\/h2>\n\n\n\n<p>Le site <strong>ref37.fr<\/strong> est h\u00e9berg\u00e9 par :<\/p>\n\n\n\n<p><strong>Nom de l\u2019h\u00e9bergeur :<\/strong> RCT37 Radio Club de Touraine<br><strong>Adresse :<\/strong> 30 Bis rue de Su\u00e8de, 37100 TOURS, France<\/p>\n\n\n\n<hr class=\"wp-block-separator has-alpha-channel-opacity\"\/>\n\n\n\n<h3 class=\"wp-block-heading is-style-text-annotation has-x-large-font-size is-style-text-annotation--3\"><strong>3. Propri\u00e9t\u00e9 intellectuelle<\/strong><\/h3>\n\n\n\n<p>L\u2019ensemble des \u00e9l\u00e9ments pr\u00e9sents sur le Site (textes, images, logos, graphismes, documents, sons, vid\u00e9os, etc.) est la propri\u00e9t\u00e9 exclusive du <strong>Radio Club de Touraine 37<\/strong>, sauf mention contraire.<br>Toute reproduction, distribution, modification, adaptation, retransmission ou publication, m\u00eame partielle, de ces diff\u00e9rents \u00e9l\u00e9ments est strictement interdite sans l\u2019accord \u00e9crit pr\u00e9alable du club.<\/p>\n\n\n\n<hr class=\"wp-block-separator has-alpha-channel-opacity\"\/>\n\n\n\n<h3 class=\"wp-block-heading is-style-text-annotation has-x-large-font-size is-style-text-annotation--4\"><strong>4. Responsabilit\u00e9<\/strong><\/h3>\n\n\n\n<p>Le <strong>Radio Club de Touraine 37<\/strong> s\u2019efforce d\u2019assurer la fiabilit\u00e9 et la mise \u00e0 jour des informations diffus\u00e9es sur le Site. Toutefois, il ne saurait \u00eatre tenu pour responsable d\u2019erreurs, d\u2019omissions ou d\u2019une indisponibilit\u00e9 temporaire du site.<br>Les liens hypertextes pr\u00e9sents sur le Site peuvent conduire vers d\u2019autres sites dont le contenu n\u2019engage en rien la responsabilit\u00e9 du club.<\/p>\n\n\n\n<hr class=\"wp-block-separator has-alpha-channel-opacity\"\/>\n\n\n\n<h3 class=\"wp-block-heading is-style-text-annotation has-x-large-font-size is-style-text-annotation--5\"><strong>5. Donn\u00e9es personnelles (RGPD)<\/strong><\/h3>\n\n\n\n<p>Le <strong>Radio Club de Touraine 37<\/strong> s\u2019engage \u00e0 ce que la collecte et le traitement des donn\u00e9es personnelles effectu\u00e9s via le site <strong>ref37.fr<\/strong> soient conformes au <strong>R\u00e8glement G\u00e9n\u00e9ral sur la Protection des Donn\u00e9es (RGPD)<\/strong> et \u00e0 la <strong>loi Informatique et Libert\u00e9s<\/strong>.<\/p>\n\n\n\n<h4 class=\"wp-block-heading is-style-text-annotation has-medium-font-size is-style-text-annotation--6\"><strong>a. Donn\u00e9es collect\u00e9es<\/strong><\/h4>\n\n\n\n<p>Les donn\u00e9es susceptibles d\u2019\u00eatre recueillies sont :<\/p>\n\n\n\n<ul class=\"wp-block-list\">\n<li>Nom, pr\u00e9nom<\/li>\n\n\n\n<li>Adresse e-mail<\/li>\n\n\n\n<li>Informations transmises via le formulaire de contact ou d\u2019adh\u00e9sion<\/li>\n<\/ul>\n\n\n\n<p>Ces informations sont strictement utilis\u00e9es pour r\u00e9pondre aux demandes des visiteurs et ne sont <strong>ni revendues, ni transmises \u00e0 des tiers<\/strong>.<\/p>\n\n\n\n<h4 class=\"wp-block-heading is-style-text-annotation has-medium-font-size is-style-text-annotation--7\"><strong>b. Responsable du traitement<\/strong><\/h4>\n\n\n\n<p>Le responsable du traitement des donn\u00e9es personnelles est :<br><strong>M. Chailleux<\/strong>, repr\u00e9sentant du Radio Club de Touraine 37.<\/p>\n\n\n\n<h4 class=\"wp-block-heading is-style-text-annotation has-medium-font-size is-style-text-annotation--8\"><strong>c. Dur\u00e9e de conservation<\/strong><\/h4>\n\n\n\n<p>Les donn\u00e9es sont conserv\u00e9es pour une dur\u00e9e maximale de <strong>3 ans<\/strong> \u00e0 compter du dernier contact.<\/p>\n\n\n\n<h4 class=\"wp-block-heading is-style-text-annotation has-medium-font-size is-style-text-annotation--9\"><strong>d. Vos droits<\/strong><\/h4>\n\n\n\n<p>Conform\u00e9ment \u00e0 la r\u00e9glementation en vigueur, vous disposez d\u2019un droit d\u2019acc\u00e8s, de rectification, d\u2019effacement et d\u2019opposition concernant vos donn\u00e9es personnelles.<br>Pour exercer ces droits, vous pouvez contacter :<br>\ud83d\udce7 <strong><a>stephen.chailleux@outlook.fr<\/a><\/strong><\/p>\n\n\n\n<hr class=\"wp-block-separator has-alpha-channel-opacity\"\/>\n\n\n\n<h3 class=\"wp-block-heading is-style-text-annotation has-x-large-font-size is-style-text-annotation--10\"><strong>6. Cookies<\/strong><\/h3>\n\n\n\n<p>Le site <strong>ref37.fr<\/strong> peut utiliser des cookies pour am\u00e9liorer l\u2019exp\u00e9rience de navigation et r\u00e9aliser des statistiques anonymes de fr\u00e9quentation.<br>Vous pouvez \u00e0 tout moment refuser ou supprimer les cookies via les param\u00e8tres de votre navigateur.<\/p>\n\n\n\n<hr class=\"wp-block-separator has-alpha-channel-opacity\"\/>\n\n\n\n<h3 class=\"wp-block-heading is-style-text-annotation has-x-large-font-size is-style-text-annotation--11\"><strong>7. Droit applicable<\/strong><\/h3>\n\n\n\n<p>Le pr\u00e9sent site est soumis au <strong>droit fran\u00e7ais<\/strong>.<br>Tout litige relatif \u00e0 son utilisation sera soumis \u00e0 la comp\u00e9tence exclusive des tribunaux fran\u00e7ais.<\/p>\n<\/div>\n<\/div>\n","protected":false},"excerpt":{"rendered":"<p>Mentions l\u00e9gales 1. Pr\u00e9sentation du site Le pr\u00e9sent site web, accessible \u00e0 l\u2019adresse https:\/\/www.ref37.fr (ci-apr\u00e8s \u00ab le Site \u00bb), est \u00e9dit\u00e9 par : RCT37 \u2013 Radio Club de Touraine 37Association loi 1901Si\u00e8ge social : 30 Bis rue de Su\u00e8de, 37000 TOURS, FranceSIRET : 344 580 808Directeur de la publication : M. ChailleuxContact : stephen.chailleux@outlook.fr 2. [&hellip;]<\/p>\n","protected":false},"author":1,"featured_media":0,"parent":0,"menu_order":0,"comment_status":"closed","ping_status":"open","template":"","meta":{"footnotes":""},"class_list":["post-129","page","type-page","status-publish","hentry"],"jetpack_sharing_enabled":true,"_links":{"self":[{"href":"https:\/\/rct37.fr\/index.php\/wp-json\/wp\/v2\/pages\/129","targetHints":{"allow":["GET"]}}],"collection":[{"href":"https:\/\/rct37.fr\/index.php\/wp-json\/wp\/v2\/pages"}],"about":[{"href":"https:\/\/rct37.fr\/index.php\/wp-json\/wp\/v2\/types\/page"}],"author":[{"embeddable":true,"href":"https:\/\/rct37.fr\/index.php\/wp-json\/wp\/v2\/users\/1"}],"replies":[{"embeddable":true,"href":"https:\/\/rct37.fr\/index.php\/wp-json\/wp\/v2\/comments?post=129"}],"version-history":[{"count":0,"href":"https:\/\/rct37.fr\/index.php\/wp-json\/wp\/v2\/pages\/129\/revisions"}],"wp:attachment":[{"href":"https:\/\/rct37.fr\/index.php\/wp-json\/wp\/v2\/media?parent=129"}],"curies":[{"name":"wp","href":"https:\/\/api.w.org\/{rel}","templated":true}]}}