{"id":17,"date":"2025-11-08T19:44:15","date_gmt":"2025-11-08T18:44:15","guid":{"rendered":"https:\/\/ref37.fr\/?page_id=17"},"modified":"2026-04-16T19:29:37","modified_gmt":"2026-04-16T17:29:37","slug":"location-salle","status":"publish","type":"page","link":"https:\/\/rct37.fr\/index.php\/location-salle\/","title":{"rendered":"Location Salle"},"content":{"rendered":"\n<div class=\"wp-block-columns alignwide is-layout-flex wp-container-core-columns-is-layout-28f84493 wp-block-columns-is-layout-flex\">\n<div class=\"wp-block-column is-layout-flow wp-block-column-is-layout-flow\">\n<h1 class=\"wp-block-heading has-text-align-center has-base-color has-text-color has-link-color wp-elements-8fd886e6a3997f844417010594f5b616\"><strong>Location de la salle Pour le weekend<\/strong><\/h1>\n\n\n\n<p class=\"is-style-text-annotation has-base-color has-text-color has-link-color has-x-large-font-size wp-elements-dd3ec4ff1df32f282d00b42452330e03 is-style-text-annotation--1\"><strong><em>Salles &amp; espaces:<\/em><\/strong><\/p>\n\n\n\n<p class=\"has-base-color has-text-color has-link-color wp-elements-82ae548c904ac58af6538a51eb465f28\"><strong>Nous proposons de mettre la salle du RDC en location pour couvrir des showrooms, des boutiques \u00e9ph\u00e9m\u00e8res, des expositions, ou des \u00e9v\u00e8nements priv\u00e9s (petit mariage, Lan party, brunch, repas, f\u00eate anniversaire, soir\u00e9es, &#8230; )<\/strong><\/p>\n\n\n\n<p class=\"has-base-color has-text-color has-link-color wp-elements-758cf90d0d70030150271193ddd8ab4b\"><strong>La salle a une superficie de&nbsp; 100 m\u00b2.<\/strong><\/p>\n\n\n\n<p class=\"has-base-color has-text-color has-link-color wp-elements-2b8a77741741d47867a5b6c98b6f0c03\"><strong>Elle permet d&rsquo;accueillir ais\u00e9ment&nbsp; 50 personnes et l&rsquo;acc\u00e8s est possible pour les personnes \u00e0 mobilit\u00e9 r\u00e9duite.<\/strong><\/p>\n\n\n\n<hr class=\"wp-block-separator has-alpha-channel-opacity\"\/>\n\n\n\n<div class=\"wp-block-cb-carousel-v2 cb-carousel-block cb-single-slide\" data-cb-slides-per-view=\"1\" data-cb-slides-per-group=\"1\" data-cb-space-between=\"5\" data-cb-speed=\"300\" data-cb-navigation=\"true\" data-cb-pagination=\"true\" data-cb-loop=\"true\" data-cb-autoplay=\"true\" data-cb-autoplay-speed=\"3000\" data-cb-breakpoints=\"{&quot;768&quot;:{&quot;slidesPerView&quot;:1,&quot;slidesPerGroup&quot;:1}}\"><div class=\"swiper\"><div class=\"cb-wrapper swiper-wrapper\">\n<div class=\"wp-block-cb-slide-v2 cb-slide swiper-slide\">\n<figure class=\"wp-block-image size-full\"><img loading=\"lazy\" decoding=\"async\" width=\"2560\" height=\"1441\" src=\"https:\/\/ref37.fr\/wp-content\/uploads\/2025\/11\/20221210_002909-scaled.jpg\" alt=\"\" class=\"wp-image-30\" srcset=\"https:\/\/rct37.fr\/wp-content\/uploads\/2025\/11\/20221210_002909-scaled.jpg 2560w, https:\/\/rct37.fr\/wp-content\/uploads\/2025\/11\/20221210_002909-300x169.jpg 300w, https:\/\/rct37.fr\/wp-content\/uploads\/2025\/11\/20221210_002909-1024x577.jpg 1024w, https:\/\/rct37.fr\/wp-content\/uploads\/2025\/11\/20221210_002909-768x432.jpg 768w, https:\/\/rct37.fr\/wp-content\/uploads\/2025\/11\/20221210_002909-1536x865.jpg 1536w, https:\/\/rct37.fr\/wp-content\/uploads\/2025\/11\/20221210_002909-2048x1153.jpg 2048w\" sizes=\"auto, (max-width: 2560px) 100vw, 2560px\" \/><\/figure>\n<\/div>\n\n\n\n<div class=\"wp-block-cb-slide-v2 cb-slide swiper-slide\">\n<figure class=\"wp-block-image size-full\"><img loading=\"lazy\" decoding=\"async\" width=\"2560\" height=\"1440\" src=\"https:\/\/ref37.fr\/wp-content\/uploads\/2025\/11\/20221104_215145-scaled.jpg\" alt=\"\" class=\"wp-image-27\" srcset=\"https:\/\/rct37.fr\/wp-content\/uploads\/2025\/11\/20221104_215145-scaled.jpg 2560w, https:\/\/rct37.fr\/wp-content\/uploads\/2025\/11\/20221104_215145-300x169.jpg 300w, https:\/\/rct37.fr\/wp-content\/uploads\/2025\/11\/20221104_215145-1024x576.jpg 1024w, https:\/\/rct37.fr\/wp-content\/uploads\/2025\/11\/20221104_215145-768x432.jpg 768w, https:\/\/rct37.fr\/wp-content\/uploads\/2025\/11\/20221104_215145-1536x864.jpg 1536w, https:\/\/rct37.fr\/wp-content\/uploads\/2025\/11\/20221104_215145-2048x1152.jpg 2048w\" sizes=\"auto, (max-width: 2560px) 100vw, 2560px\" \/><\/figure>\n<\/div>\n\n\n\n<div class=\"wp-block-cb-slide-v2 cb-slide swiper-slide\">\n<figure class=\"wp-block-image size-full\"><img loading=\"lazy\" decoding=\"async\" width=\"2560\" height=\"1440\" src=\"https:\/\/ref37.fr\/wp-content\/uploads\/2025\/11\/20221104_215155-scaled.jpg\" alt=\"\" class=\"wp-image-28\" srcset=\"https:\/\/rct37.fr\/wp-content\/uploads\/2025\/11\/20221104_215155-scaled.jpg 2560w, https:\/\/rct37.fr\/wp-content\/uploads\/2025\/11\/20221104_215155-300x169.jpg 300w, https:\/\/rct37.fr\/wp-content\/uploads\/2025\/11\/20221104_215155-1024x576.jpg 1024w, https:\/\/rct37.fr\/wp-content\/uploads\/2025\/11\/20221104_215155-768x432.jpg 768w, https:\/\/rct37.fr\/wp-content\/uploads\/2025\/11\/20221104_215155-1536x864.jpg 1536w, https:\/\/rct37.fr\/wp-content\/uploads\/2025\/11\/20221104_215155-2048x1152.jpg 2048w\" sizes=\"auto, (max-width: 2560px) 100vw, 2560px\" \/><\/figure>\n<\/div>\n\n\n\n<div class=\"wp-block-cb-slide-v2 cb-slide swiper-slide\">\n<figure class=\"wp-block-image size-full\"><img loading=\"lazy\" decoding=\"async\" width=\"2560\" height=\"1440\" src=\"https:\/\/ref37.fr\/wp-content\/uploads\/2025\/11\/20221202_185044-scaled.jpg\" alt=\"\" class=\"wp-image-29\" srcset=\"https:\/\/rct37.fr\/wp-content\/uploads\/2025\/11\/20221202_185044-scaled.jpg 2560w, https:\/\/rct37.fr\/wp-content\/uploads\/2025\/11\/20221202_185044-300x169.jpg 300w, https:\/\/rct37.fr\/wp-content\/uploads\/2025\/11\/20221202_185044-1024x576.jpg 1024w, https:\/\/rct37.fr\/wp-content\/uploads\/2025\/11\/20221202_185044-768x432.jpg 768w, https:\/\/rct37.fr\/wp-content\/uploads\/2025\/11\/20221202_185044-1536x864.jpg 1536w, https:\/\/rct37.fr\/wp-content\/uploads\/2025\/11\/20221202_185044-2048x1152.jpg 2048w\" sizes=\"auto, (max-width: 2560px) 100vw, 2560px\" \/><\/figure>\n<\/div>\n\n\n\n<div class=\"wp-block-cb-slide-v2 cb-slide swiper-slide\">\n<figure class=\"wp-block-image size-full\"><img loading=\"lazy\" decoding=\"async\" width=\"2560\" height=\"1441\" src=\"https:\/\/ref37.fr\/wp-content\/uploads\/2025\/11\/20250913_013423-scaled.jpg\" alt=\"\" class=\"wp-image-23\" srcset=\"https:\/\/rct37.fr\/wp-content\/uploads\/2025\/11\/20250913_013423-scaled.jpg 2560w, https:\/\/rct37.fr\/wp-content\/uploads\/2025\/11\/20250913_013423-300x169.jpg 300w, https:\/\/rct37.fr\/wp-content\/uploads\/2025\/11\/20250913_013423-1024x577.jpg 1024w, https:\/\/rct37.fr\/wp-content\/uploads\/2025\/11\/20250913_013423-768x432.jpg 768w, https:\/\/rct37.fr\/wp-content\/uploads\/2025\/11\/20250913_013423-1536x865.jpg 1536w, https:\/\/rct37.fr\/wp-content\/uploads\/2025\/11\/20250913_013423-2048x1153.jpg 2048w\" sizes=\"auto, (max-width: 2560px) 100vw, 2560px\" \/><\/figure>\n<\/div>\n\n\n\n<div class=\"wp-block-cb-slide-v2 cb-slide swiper-slide\">\n<figure class=\"wp-block-image size-full is-resized\"><img loading=\"lazy\" decoding=\"async\" width=\"2560\" height=\"1440\" src=\"https:\/\/ref37.fr\/wp-content\/uploads\/2025\/11\/20231124_222326-edited-scaled.jpg\" alt=\"\" class=\"wp-image-325\" style=\"width:1315px;height:auto\" srcset=\"https:\/\/rct37.fr\/wp-content\/uploads\/2025\/11\/20231124_222326-edited-scaled.jpg 2560w, https:\/\/rct37.fr\/wp-content\/uploads\/2025\/11\/20231124_222326-edited-300x169.jpg 300w, https:\/\/rct37.fr\/wp-content\/uploads\/2025\/11\/20231124_222326-edited-1024x576.jpg 1024w, https:\/\/rct37.fr\/wp-content\/uploads\/2025\/11\/20231124_222326-edited-768x432.jpg 768w, https:\/\/rct37.fr\/wp-content\/uploads\/2025\/11\/20231124_222326-edited-1536x864.jpg 1536w, https:\/\/rct37.fr\/wp-content\/uploads\/2025\/11\/20231124_222326-edited-2048x1152.jpg 2048w\" sizes=\"auto, (max-width: 2560px) 100vw, 2560px\" \/><\/figure>\n<\/div>\n\n\n\n<div class=\"wp-block-cb-slide-v2 cb-slide swiper-slide\">\n<figure class=\"wp-block-image size-full\"><img loading=\"lazy\" decoding=\"async\" width=\"2560\" height=\"1441\" src=\"https:\/\/ref37.fr\/wp-content\/uploads\/2025\/11\/20250913_013455-scaled.jpg\" alt=\"\" class=\"wp-image-33\" srcset=\"https:\/\/rct37.fr\/wp-content\/uploads\/2025\/11\/20250913_013455-scaled.jpg 2560w, https:\/\/rct37.fr\/wp-content\/uploads\/2025\/11\/20250913_013455-300x169.jpg 300w, https:\/\/rct37.fr\/wp-content\/uploads\/2025\/11\/20250913_013455-1024x577.jpg 1024w, https:\/\/rct37.fr\/wp-content\/uploads\/2025\/11\/20250913_013455-768x432.jpg 768w, https:\/\/rct37.fr\/wp-content\/uploads\/2025\/11\/20250913_013455-1536x865.jpg 1536w, https:\/\/rct37.fr\/wp-content\/uploads\/2025\/11\/20250913_013455-2048x1153.jpg 2048w\" sizes=\"auto, (max-width: 2560px) 100vw, 2560px\" \/><\/figure>\n<\/div>\n\n\n\n<div class=\"wp-block-cb-slide-v2 cb-slide swiper-slide\">\n<figure class=\"wp-block-image size-large is-resized\"><img loading=\"lazy\" decoding=\"async\" width=\"1024\" height=\"576\" src=\"https:\/\/ref37.fr\/wp-content\/uploads\/2025\/11\/DSC00106-1024x576.jpg\" alt=\"\" class=\"wp-image-24\" style=\"width:1336px;height:auto\" srcset=\"https:\/\/rct37.fr\/wp-content\/uploads\/2025\/11\/DSC00106-1024x576.jpg 1024w, https:\/\/rct37.fr\/wp-content\/uploads\/2025\/11\/DSC00106-300x169.jpg 300w, https:\/\/rct37.fr\/wp-content\/uploads\/2025\/11\/DSC00106-768x432.jpg 768w, https:\/\/rct37.fr\/wp-content\/uploads\/2025\/11\/DSC00106-1536x864.jpg 1536w, https:\/\/rct37.fr\/wp-content\/uploads\/2025\/11\/DSC00106-2048x1152.jpg 2048w\" sizes=\"auto, (max-width: 1024px) 100vw, 1024px\" \/><\/figure>\n<\/div>\n<\/div><\/div><div class=\"cb-pagination swiper-pagination\"><\/div><div class=\"cb-button-prev swiper-button-prev\"><\/div><div class=\"cb-button-next swiper-button-next\"><\/div><\/div>\n\n\n\n<h2 class=\"wp-block-heading is-style-text-annotation has-base-color has-text-color has-link-color has-x-large-font-size wp-elements-64f737b260e6f044230d19f86d306d20 is-style-text-annotation--2\"><strong>Tarifs :<\/strong><\/h2>\n\n\n\n<p class=\"has-base-color has-text-color has-link-color has-large-font-size wp-elements-7163372a7a033a0be986f459fae2a978\">Pour le prix c&rsquo;est <mark style=\"background-color:rgba(0, 0, 0, 0);color:#ff0000\" class=\"has-inline-color\">400\u20ac<\/mark> pour le week-end, on loue uniquement les week-ends du samedi matin au dimanche soir, jours de semaine sauf le vendredi sur demande par t\u00e9l\u00e9phone selon besoins. 0247517373<\/p>\n\n\n\n<p class=\"has-large-font-size\"><mark style=\"background-color:rgba(0, 0, 0, 0);color:#ff0000\" class=\"has-inline-color\">Avec deux ch\u00e8ques de caution un de 600\u20ac pour le b\u00e2timent et un de 150\u20ac pour le m\u00e9nage, poubelles sorties et rangement des tables et des chaises.<\/mark><\/p>\n\n\n\n<h2 class=\"wp-block-heading is-style-text-annotation has-base-color has-text-color has-link-color has-x-large-font-size wp-elements-122ea518643c304c3a6e10d842a957c4 is-style-text-annotation--3\"><strong><strong>Equipements&nbsp;Disponibles:<\/strong><\/strong><\/h2>\n\n\n\n<ul class=\"wp-block-list\">\n<li class=\"has-base-color has-text-color has-link-color wp-elements-6f7b0b75b20d6c4d51e0e0b69a0a9241\">-Deux R\u00e9frig\u00e9rateurs.<\/li>\n\n\n\n<li class=\"has-base-color has-text-color has-link-color wp-elements-f7912a57304d6f63bd8ff71014fef3ea\">-Un Cong\u00e9lateur.<\/li>\n\n\n\n<li class=\"has-base-color has-text-color has-link-color wp-elements-4127cdf52f8e745610a1a41ad1758c2c\">-Four encastr\u00e9.<\/li>\n\n\n\n<li class=\"has-base-color has-text-color has-link-color wp-elements-257cb5ff50e48545fe909fbad8b4895d\">-Micro-ondes.<\/li>\n\n\n\n<li class=\"has-base-color has-text-color has-link-color wp-elements-d6f9eae48738839c43bcb2193b072e3e\">-Un \u00c9vier.<\/li>\n\n\n\n<li class=\"has-base-color has-text-color has-link-color wp-elements-f94908ed0813fb477d48b0c4c329cebe\">-Machine \u00e0 caf\u00e9 \u00e0 filtre.<\/li>\n\n\n\n<li class=\"has-base-color has-text-color has-link-color wp-elements-d720c2a79e3a70e12cde628568b708c0\">-Support de vid\u00e9o projecteur.<\/li>\n\n\n\n<li class=\"has-base-color has-text-color has-link-color wp-elements-9fa5a1d0a8a9a20981862c7f97de6ec9\">-Tableau pour Buffet X 1 : 230cm x 83,5cm<\/li>\n\n\n\n<li class=\"has-base-color has-text-color has-link-color wp-elements-a5c1b68abac329d30e26dd02845716a3\">-Tables Bois X 15 : 153cm x 85cm<\/li>\n\n\n\n<li class=\"has-base-color has-text-color has-link-color wp-elements-0b3dfd8cc3f054580f741ee0eaab7900\">-Chaises Bois pliantes X 34<\/li>\n\n\n\n<li class=\"has-base-color has-text-color has-link-color wp-elements-a1e94bc173f316e56cbf44fc2cae0336\">-Chaises M\u00e9tal pliantes X 17<\/li>\n\n\n\n<li class=\"has-base-color has-text-color has-link-color wp-elements-ea1eb20808ef7b233a5a3f9e93744239\">-Vaisselle, couvert, assiette, verre et tasse \u00e0 caf\u00e9<\/li>\n\n\n\n<li class=\"has-base-color has-text-color has-link-color wp-elements-d5af6bbdd3760bbf309784c8d616a816\">-Acc\u00e8s toilettes.<\/li>\n\n\n\n<li class=\"has-base-color has-text-color has-link-color wp-elements-5e550d1f0256c5e27a73b5e403440316\">-Parking pouvant accueillir une 20aine de voitures.<\/li>\n\n\n\n<li class=\"has-base-color has-text-color has-link-color wp-elements-136b2c51f624560a72dd66bb102eaec7\">Extra :<\/li>\n\n\n\n<li class=\"has-base-color has-text-color has-link-color wp-elements-232863bed19b64d23534cc566ab3607d\">-Acc\u00e8s Wifi + Prise Ethernet ( haut d\u00e9bit fibre optique).<\/li>\n\n\n\n<li class=\"has-base-color has-text-color has-link-color wp-elements-e51aa235e391e6c00253aa49c7f936eb\">-Possibilit\u00e9 de visiter la salle sur demande .<\/li>\n\n\n\n<li class=\"has-base-color has-text-color has-link-color wp-elements-94327dc0c5441ed61317b1b24964360b\">Etablissement sous vid\u00e9osurveillance.<\/li>\n<\/ul>\n<\/div>\n<\/div>\n","protected":false},"excerpt":{"rendered":"<p>Location de la salle Pour le weekend Salles &amp; espaces: Nous proposons de mettre la salle du RDC en location pour couvrir des showrooms, des boutiques \u00e9ph\u00e9m\u00e8res, des expositions, ou des \u00e9v\u00e8nements priv\u00e9s (petit mariage, Lan party, brunch, repas, f\u00eate anniversaire, soir\u00e9es, &#8230; ) La salle a une superficie de&nbsp; 100 m\u00b2. Elle permet d&rsquo;accueillir [&hellip;]<\/p>\n","protected":false},"author":1,"featured_media":0,"parent":0,"menu_order":0,"comment_status":"closed","ping_status":"closed","template":"","meta":{"footnotes":""},"class_list":["post-17","page","type-page","status-publish","hentry"],"jetpack_sharing_enabled":true,"_links":{"self":[{"href":"https:\/\/rct37.fr\/index.php\/wp-json\/wp\/v2\/pages\/17","targetHints":{"allow":["GET"]}}],"collection":[{"href":"https:\/\/rct37.fr\/index.php\/wp-json\/wp\/v2\/pages"}],"about":[{"href":"https:\/\/rct37.fr\/index.php\/wp-json\/wp\/v2\/types\/page"}],"author":[{"embeddable":true,"href":"https:\/\/rct37.fr\/index.php\/wp-json\/wp\/v2\/users\/1"}],"replies":[{"embeddable":true,"href":"https:\/\/rct37.fr\/index.php\/wp-json\/wp\/v2\/comments?post=17"}],"version-history":[{"count":2,"href":"https:\/\/rct37.fr\/index.php\/wp-json\/wp\/v2\/pages\/17\/revisions"}],"predecessor-version":[{"id":578,"href":"https:\/\/rct37.fr\/index.php\/wp-json\/wp\/v2\/pages\/17\/revisions\/578"}],"wp:attachment":[{"href":"https:\/\/rct37.fr\/index.php\/wp-json\/wp\/v2\/media?parent=17"}],"curies":[{"name":"wp","href":"https:\/\/api.w.org\/{rel}","templated":true}]}}