{"id":19,"date":"2025-11-08T19:37:01","date_gmt":"2025-11-08T18:37:01","guid":{"rendered":"https:\/\/ref37.fr\/?page_id=19"},"modified":"2026-03-10T20:21:19","modified_gmt":"2026-03-10T19:21:19","slug":"contacts","status":"publish","type":"page","link":"https:\/\/rct37.fr\/index.php\/contacts\/","title":{"rendered":"contacts"},"content":{"rendered":"\n<h1 class=\"wp-block-heading has-text-align-center is-style-text-annotation has-xx-large-font-size is-style-text-annotation--1\"><strong>contacts et adresse<\/strong><\/h1>\n\n\n\n<div class=\"wp-block-group alignfull is-style-default has-global-padding is-layout-constrained wp-block-group-is-layout-constrained\" style=\"margin-top:0;margin-bottom:0;padding-top:var(--wp--preset--spacing--50);padding-bottom:var(--wp--preset--spacing--50)\">\n<div class=\"wp-block-group alignwide has-global-padding is-layout-constrained wp-block-group-is-layout-constrained\">\n<div class=\"wp-block-group alignwide is-layout-grid wp-container-core-group-is-layout-5b5f6092 wp-block-group-is-layout-grid\" style=\"border-top-color:var(--wp--preset--color--accent-4);border-top-width:1px;margin-top:var(--wp--preset--spacing--50);padding-top:var(--wp--preset--spacing--60);padding-bottom:var(--wp--preset--spacing--60)\">\n<div class=\"wp-block-group wp-container-content-0a059217 is-vertical is-layout-flex wp-container-core-group-is-layout-fe9cc265 wp-block-group-is-layout-flex\">\n<p><em>Adresse Postale :<\/em><\/p>\n\n\n\n<p><em>Rue :<\/em>&nbsp;<strong>30bis rue de Su\u00e8de<\/strong><\/p>\n\n\n\n<p><em>code postal :<\/em>&nbsp;<strong>37100&nbsp;<\/strong><\/p>\n\n\n\n<p><em>Ville :<\/em>&nbsp;<strong>Tours<\/strong><\/p>\n\n\n\n<p><em>Portable :<\/em>&nbsp;<strong>07 81 59 11 56<\/strong><\/p>\n\n\n\n<p>Fixe: <strong>02 47 51 73 73<\/strong><\/p>\n\n\n\n<h3 class=\"wp-block-heading has-x-large-font-size\" style=\"font-style:normal;font-weight:700\"><strong>R\u00e9seaux sociaux:<\/strong><\/h3>\n\n\n\n<div class=\"wp-block-group is-layout-grid wp-container-core-group-is-layout-29271053 wp-block-group-is-layout-grid\">\n<figure class=\"wp-block-image size-thumbnail wp-container-content-b4c5012d\"><a href=\"https:\/\/www.facebook.com\/Ref37\" target=\"_blank\" rel=\" noreferrer noopener\"><img loading=\"lazy\" decoding=\"async\" width=\"150\" height=\"150\" src=\"https:\/\/ref37.fr\/wp-content\/uploads\/2025\/11\/facebook-150x150.png\" alt=\"\" class=\"wp-image-426\" style=\"object-fit:cover\" srcset=\"https:\/\/rct37.fr\/wp-content\/uploads\/2025\/11\/facebook-150x150.png 150w, https:\/\/rct37.fr\/wp-content\/uploads\/2025\/11\/facebook-300x300.png 300w, https:\/\/rct37.fr\/wp-content\/uploads\/2025\/11\/facebook.png 512w\" sizes=\"auto, (max-width: 150px) 100vw, 150px\" \/><\/a><\/figure>\n\n\n\n<p class=\"has-text-align-center\"><strong><em><a href=\"https:\/\/www.facebook.com\/Ref37\" data-type=\"link\" data-id=\"https:\/\/www.facebook.com\/Ref37\" target=\"_blank\" rel=\"noreferrer noopener\">Facebook<\/a>:&nbsp;<\/em><\/strong><\/p>\n<\/div>\n\n\n\n<div class=\"wp-block-group is-layout-grid wp-container-core-group-is-layout-29271053 wp-block-group-is-layout-grid\">\n<figure class=\"wp-block-image size-thumbnail wp-container-content-b4c5012d\"><a href=\"https:\/\/www.youtube.com\/@F6KCIREF-37\" target=\"_blank\" rel=\" noreferrer noopener\"><img loading=\"lazy\" decoding=\"async\" width=\"150\" height=\"150\" src=\"https:\/\/ref37.fr\/wp-content\/uploads\/2025\/11\/youtube-150x150.png\" alt=\"\" class=\"wp-image-425\" style=\"object-fit:cover\" srcset=\"https:\/\/rct37.fr\/wp-content\/uploads\/2025\/11\/youtube-150x150.png 150w, https:\/\/rct37.fr\/wp-content\/uploads\/2025\/11\/youtube-300x300.png 300w, https:\/\/rct37.fr\/wp-content\/uploads\/2025\/11\/youtube.png 512w\" sizes=\"auto, (max-width: 150px) 100vw, 150px\" \/><\/a><\/figure>\n\n\n\n<p class=\"has-text-align-center\"><strong><em><strong><em><a href=\"https:\/\/www.youtube.com\/@F6KCIREF-37\" data-type=\"link\" data-id=\"https:\/\/www.youtube.com\/@F6KCIREF-37\" target=\"_blank\" rel=\"noreferrer noopener\">YouTube:<\/a><\/em><\/strong><\/em><\/strong><\/p>\n<\/div>\n\n\n\n<div class=\"wp-block-group is-layout-grid wp-container-core-group-is-layout-29271053 wp-block-group-is-layout-grid\">\n<figure class=\"wp-block-image size-thumbnail wp-container-content-b4c5012d\"><a href=\"https:\/\/www.tiktok.com\/@f6kci_ref_37\" target=\"_blank\" rel=\" noreferrer noopener\"><img loading=\"lazy\" decoding=\"async\" width=\"150\" height=\"150\" src=\"https:\/\/ref37.fr\/wp-content\/uploads\/2025\/11\/tic-tac-150x150.png\" alt=\"\" class=\"wp-image-424\" style=\"object-fit:cover\" srcset=\"https:\/\/rct37.fr\/wp-content\/uploads\/2025\/11\/tic-tac-150x150.png 150w, https:\/\/rct37.fr\/wp-content\/uploads\/2025\/11\/tic-tac-300x300.png 300w, https:\/\/rct37.fr\/wp-content\/uploads\/2025\/11\/tic-tac.png 512w\" sizes=\"auto, (max-width: 150px) 100vw, 150px\" \/><\/a><\/figure>\n\n\n\n<p class=\"has-text-align-center\"><strong><em><strong><em><a href=\"https:\/\/www.tiktok.com\/@f6kci_ref_37\" data-type=\"link\" data-id=\"https:\/\/www.tiktok.com\/@f6kci_ref_37\" target=\"_blank\" rel=\"noreferrer noopener\">Tiktok:<\/a><\/em><\/strong><\/em><\/strong><\/p>\n<\/div>\n<\/div>\n\n\n\n<div class=\"wp-block-group wp-container-content-d14ee7b4 is-layout-grid wp-container-core-group-is-layout-29271053 wp-block-group-is-layout-grid\">\n<div class=\"wp-block-group wp-container-content-b4c5012d has-global-padding is-layout-constrained wp-block-group-is-layout-constrained\">\n<h1 class=\"wp-block-heading is-style-text-annotation has-medium-font-size is-style-text-annotation--2\" style=\"font-style:normal;font-weight:700\">PRESIDENT<\/h1>\n\n\n\n<p><strong>Eymar Frank F16981 SWL<\/strong><\/p>\n\n\n\n<p class=\"has-large-font-size\">f16981@free.fr<\/p>\n<\/div>\n\n\n\n<div class=\"wp-block-group wp-container-content-b4c5012d has-global-padding is-layout-constrained wp-block-group-is-layout-constrained\">\n<h3 class=\"wp-block-heading is-style-text-annotation has-medium-font-size is-style-text-annotation--3\" style=\"font-style:normal;font-weight:700\">SECRETAIRE<\/h3>\n\n\n\n<p><strong>Colin-collet S\u00e9bastien F8IJV<\/strong><\/p>\n\n\n\n<p class=\"has-large-font-size\">f8ijv@free.fr<\/p>\n<\/div>\n\n\n\n<div class=\"wp-block-group wp-container-content-b4c5012d has-global-padding is-layout-constrained wp-block-group-is-layout-constrained\">\n<h3 class=\"wp-block-heading is-style-text-annotation has-medium-font-size is-style-text-annotation--4\" style=\"font-style:normal;font-weight:700\">VICE PRESIDENT<\/h3>\n\n\n\n<p><strong>Sabiaux H\u00e9rv\u00e9 F4LFC<\/strong><\/p>\n\n\n\n<p class=\"has-large-font-size\">herve.sabiaux@laposte.net<\/p>\n<\/div>\n\n\n\n<div class=\"wp-block-group wp-container-content-b4c5012d has-global-padding is-layout-constrained wp-block-group-is-layout-constrained\">\n<h3 class=\"wp-block-heading is-style-text-annotation has-medium-font-size is-style-text-annotation--5\" style=\"font-style:normal;font-weight:700\">SECRETAIRE ADJOINT<\/h3>\n\n\n\n<p><strong>bernard Ferrand F6AUF<\/strong><\/p>\n\n\n\n<p class=\"has-large-font-size\">bernard.ferrant@wanadoo.fr<\/p>\n<\/div>\n\n\n\n<div class=\"wp-block-group wp-container-content-b4c5012d has-global-padding is-layout-constrained wp-block-group-is-layout-constrained\">\n<h3 class=\"wp-block-heading is-style-text-annotation has-medium-font-size is-style-text-annotation--6\" style=\"font-style:normal;font-weight:700\">VICE PRESIDENT\/WEBMASTER \/ SysAdmin<\/h3>\n\n\n\n<p>Chailleux St\u00e9phen F4LFB<\/p>\n\n\n\n<p class=\"has-large-font-size\">f4lfb@outlook.com<\/p>\n<\/div>\n\n\n\n<div class=\"wp-block-group wp-container-content-b4c5012d has-global-padding is-layout-constrained wp-block-group-is-layout-constrained\">\n<h3 class=\"wp-block-heading is-style-text-annotation has-medium-font-size is-style-text-annotation--7\" style=\"font-style:normal;font-weight:700\">TRESORIER<\/h3>\n\n\n\n<p><strong>Picaud Laurent F1OLE<\/strong><\/p>\n\n\n\n<p class=\"has-large-font-size\">f1ole@free.fr<\/p>\n<\/div>\n\n\n\n<div class=\"wp-block-group wp-container-content-b4c5012d has-global-padding is-layout-constrained wp-block-group-is-layout-constrained\">\n<h3 class=\"wp-block-heading is-style-text-annotation has-medium-font-size is-style-text-annotation--8\" style=\"font-style:normal;font-weight:700\"><mark style=\"background-color:rgba(0, 0, 0, 0);color:#ff0000\" class=\"has-inline-color\">Future membre du bureau<\/mark><\/h3>\n\n\n\n<p>Lardeau Thomas F4LFH<\/p>\n\n\n\n<p class=\"has-large-font-size\">thomas.blois@gmail.com<\/p>\n<\/div>\n<\/div>\n<\/div>\n<\/div>\n<\/div>\n","protected":false},"excerpt":{"rendered":"<p>contacts et adresse Adresse Postale : Rue :&nbsp;30bis rue de Su\u00e8de code postal :&nbsp;37100&nbsp; Ville :&nbsp;Tours Portable :&nbsp;07 81 59 11 56 Fixe: 02 47 51 73 73 R\u00e9seaux sociaux: Facebook:&nbsp; YouTube: Tiktok: PRESIDENT Eymar Frank F16981 SWL f16981@free.fr SECRETAIRE Colin-collet S\u00e9bastien F8IJV f8ijv@free.fr VICE PRESIDENT Sabiaux H\u00e9rv\u00e9 F4LFC herve.sabiaux@laposte.net SECRETAIRE ADJOINT bernard Ferrand F6AUF [&hellip;]<\/p>\n","protected":false},"author":1,"featured_media":0,"parent":0,"menu_order":0,"comment_status":"closed","ping_status":"closed","template":"","meta":{"footnotes":""},"class_list":["post-19","page","type-page","status-publish","hentry"],"jetpack_sharing_enabled":true,"_links":{"self":[{"href":"https:\/\/rct37.fr\/index.php\/wp-json\/wp\/v2\/pages\/19","targetHints":{"allow":["GET"]}}],"collection":[{"href":"https:\/\/rct37.fr\/index.php\/wp-json\/wp\/v2\/pages"}],"about":[{"href":"https:\/\/rct37.fr\/index.php\/wp-json\/wp\/v2\/types\/page"}],"author":[{"embeddable":true,"href":"https:\/\/rct37.fr\/index.php\/wp-json\/wp\/v2\/users\/1"}],"replies":[{"embeddable":true,"href":"https:\/\/rct37.fr\/index.php\/wp-json\/wp\/v2\/comments?post=19"}],"version-history":[{"count":0,"href":"https:\/\/rct37.fr\/index.php\/wp-json\/wp\/v2\/pages\/19\/revisions"}],"wp:attachment":[{"href":"https:\/\/rct37.fr\/index.php\/wp-json\/wp\/v2\/media?parent=19"}],"curies":[{"name":"wp","href":"https:\/\/api.w.org\/{rel}","templated":true}]}}