{"id":278,"date":"2025-11-10T15:52:55","date_gmt":"2025-11-10T14:52:55","guid":{"rendered":"https:\/\/ref37.fr\/?page_id=278"},"modified":"2026-01-03T21:26:34","modified_gmt":"2026-01-03T20:26:34","slug":"annee-2026","status":"publish","type":"page","link":"https:\/\/rct37.fr\/index.php\/annee-2026\/","title":{"rendered":"Ann\u00e9e 2025"},"content":{"rendered":"\n<h1 class=\"wp-block-heading alignwide has-text-align-center\"><strong>Ann\u00e9e 2025<\/strong><\/h1>\n\n\n\n<div class=\"wp-block-columns alignwide is-layout-flex wp-container-core-columns-is-layout-28f84493 wp-block-columns-is-layout-flex\">\n<div class=\"wp-block-column is-layout-flow wp-block-column-is-layout-flow\">\n<h2 class=\"wp-block-heading has-text-align-center\"><strong>Rediffusion De la Modification Des Statue<\/strong><\/h2>\n\n\n\n<figure class=\"wp-block-embed is-type-video is-provider-youtube wp-block-embed-youtube wp-embed-aspect-16-9 wp-has-aspect-ratio\"><div class=\"wp-block-embed__wrapper\">\n<iframe loading=\"lazy\" title=\"REDIFFUSION ASSEMBL\u00c9E G\u00c9N\u00c9RALE EXTRAORDINAIRE DU VENDREDI 7 Novembre 2025\" width=\"500\" height=\"281\" src=\"https:\/\/www.youtube.com\/embed\/fagHE4s1S-Q?start=1294&#038;feature=oembed\" frameborder=\"0\" allow=\"accelerometer; autoplay; clipboard-write; encrypted-media; gyroscope; picture-in-picture; web-share\" referrerpolicy=\"strict-origin-when-cross-origin\" allowfullscreen><\/iframe>\n<\/div><\/figure>\n\n\n\n<p class=\"has-medium-font-size\"><em>07\/11\/2025<\/em><\/p>\n<\/div>\n<\/div>\n\n\n\n<hr class=\"wp-block-separator has-alpha-channel-opacity\"\/>\n\n\n\n<div class=\"wp-block-columns alignwide is-layout-flex wp-container-core-columns-is-layout-28f84493 wp-block-columns-is-layout-flex\">\n<div class=\"wp-block-column is-layout-flow wp-block-column-is-layout-flow\">\n<h2 class=\"wp-block-heading has-text-align-center\"><strong>Installation Antenne 137MHz pour satelitte NOAA<\/strong><\/h2>\n\n\n\n<figure class=\"wp-block-image aligncenter size-large\"><a href=\"https:\/\/ref37.fr\/wp-content\/uploads\/2025\/11\/20250808_105737-scaled.jpg\"><img loading=\"lazy\" decoding=\"async\" width=\"576\" height=\"1024\" src=\"https:\/\/ref37.fr\/wp-content\/uploads\/2025\/11\/20250808_105737-576x1024.jpg\" alt=\"\" class=\"wp-image-283\" srcset=\"https:\/\/rct37.fr\/wp-content\/uploads\/2025\/11\/20250808_105737-576x1024.jpg 576w, https:\/\/rct37.fr\/wp-content\/uploads\/2025\/11\/20250808_105737-169x300.jpg 169w, https:\/\/rct37.fr\/wp-content\/uploads\/2025\/11\/20250808_105737-768x1365.jpg 768w, https:\/\/rct37.fr\/wp-content\/uploads\/2025\/11\/20250808_105737-864x1536.jpg 864w, https:\/\/rct37.fr\/wp-content\/uploads\/2025\/11\/20250808_105737-1153x2048.jpg 1153w, https:\/\/rct37.fr\/wp-content\/uploads\/2025\/11\/20250808_105737-scaled.jpg 1441w\" sizes=\"auto, (max-width: 576px) 100vw, 576px\" \/><\/a><\/figure>\n\n\n\n<p class=\"has-medium-font-size\"><em>09\/08\/2025<\/em><\/p>\n<\/div>\n<\/div>\n\n\n\n<hr class=\"wp-block-separator has-alpha-channel-opacity\"\/>\n\n\n\n<div class=\"wp-block-columns alignwide is-layout-flex wp-container-core-columns-is-layout-28f84493 wp-block-columns-is-layout-flex\">\n<div class=\"wp-block-column is-layout-flow wp-block-column-is-layout-flow\">\n<h2 class=\"wp-block-heading has-text-align-center\"><strong>Passage des gaine pour la future antenne HF Force 12<\/strong><\/h2>\n\n\n\n<div class=\"wp-block-cb-carousel-v2 cb-carousel-block\" data-cb-slides-per-view=\"1\" data-cb-slides-per-group=\"1\" data-cb-space-between=\"0\" data-cb-speed=\"300\" data-cb-navigation=\"true\" data-cb-pagination=\"true\" data-cb-loop=\"true\" data-cb-autoplay=\"true\" data-cb-autoplay-speed=\"3000\" data-cb-breakpoints=\"{&quot;768&quot;:{&quot;slidesPerView&quot;:2,&quot;slidesPerGroup&quot;:1}}\"><div class=\"swiper\"><div class=\"cb-wrapper swiper-wrapper\">\n<div class=\"wp-block-cb-slide-v2 cb-slide swiper-slide\">\n<figure class=\"wp-block-image size-large\"><a href=\"https:\/\/ref37.fr\/wp-content\/uploads\/2025\/11\/20250808_105108-scaled.jpg\"><img loading=\"lazy\" decoding=\"async\" width=\"576\" height=\"1024\" src=\"https:\/\/ref37.fr\/wp-content\/uploads\/2025\/11\/20250808_105108-576x1024.jpg\" alt=\"\" class=\"wp-image-285\" srcset=\"https:\/\/rct37.fr\/wp-content\/uploads\/2025\/11\/20250808_105108-576x1024.jpg 576w, https:\/\/rct37.fr\/wp-content\/uploads\/2025\/11\/20250808_105108-169x300.jpg 169w, https:\/\/rct37.fr\/wp-content\/uploads\/2025\/11\/20250808_105108-768x1365.jpg 768w, https:\/\/rct37.fr\/wp-content\/uploads\/2025\/11\/20250808_105108-864x1536.jpg 864w, https:\/\/rct37.fr\/wp-content\/uploads\/2025\/11\/20250808_105108-1153x2048.jpg 1153w, https:\/\/rct37.fr\/wp-content\/uploads\/2025\/11\/20250808_105108-scaled.jpg 1441w\" sizes=\"auto, (max-width: 576px) 100vw, 576px\" \/><\/a><\/figure>\n<\/div>\n\n\n\n<div class=\"wp-block-cb-slide-v2 cb-slide swiper-slide\">\n<figure class=\"wp-block-image size-large\"><a href=\"https:\/\/ref37.fr\/wp-content\/uploads\/2025\/11\/20250808_112144-scaled.jpg\"><img loading=\"lazy\" decoding=\"async\" width=\"576\" height=\"1024\" src=\"https:\/\/ref37.fr\/wp-content\/uploads\/2025\/11\/20250808_112144-576x1024.jpg\" alt=\"\" class=\"wp-image-286\" srcset=\"https:\/\/rct37.fr\/wp-content\/uploads\/2025\/11\/20250808_112144-576x1024.jpg 576w, https:\/\/rct37.fr\/wp-content\/uploads\/2025\/11\/20250808_112144-169x300.jpg 169w, https:\/\/rct37.fr\/wp-content\/uploads\/2025\/11\/20250808_112144-768x1365.jpg 768w, https:\/\/rct37.fr\/wp-content\/uploads\/2025\/11\/20250808_112144-864x1536.jpg 864w, https:\/\/rct37.fr\/wp-content\/uploads\/2025\/11\/20250808_112144-1153x2048.jpg 1153w, https:\/\/rct37.fr\/wp-content\/uploads\/2025\/11\/20250808_112144-scaled.jpg 1441w\" sizes=\"auto, (max-width: 576px) 100vw, 576px\" \/><\/a><\/figure>\n<\/div>\n\n\n\n<div class=\"wp-block-cb-slide-v2 cb-slide swiper-slide\">\n<figure class=\"wp-block-image size-large\"><a href=\"https:\/\/ref37.fr\/wp-content\/uploads\/2025\/11\/20250808_151711-scaled.jpg\"><img loading=\"lazy\" decoding=\"async\" width=\"576\" height=\"1024\" src=\"https:\/\/ref37.fr\/wp-content\/uploads\/2025\/11\/20250808_151711-576x1024.jpg\" alt=\"\" class=\"wp-image-287\" srcset=\"https:\/\/rct37.fr\/wp-content\/uploads\/2025\/11\/20250808_151711-576x1024.jpg 576w, https:\/\/rct37.fr\/wp-content\/uploads\/2025\/11\/20250808_151711-169x300.jpg 169w, https:\/\/rct37.fr\/wp-content\/uploads\/2025\/11\/20250808_151711-768x1365.jpg 768w, https:\/\/rct37.fr\/wp-content\/uploads\/2025\/11\/20250808_151711-864x1536.jpg 864w, https:\/\/rct37.fr\/wp-content\/uploads\/2025\/11\/20250808_151711-1153x2048.jpg 1153w, https:\/\/rct37.fr\/wp-content\/uploads\/2025\/11\/20250808_151711-scaled.jpg 1441w\" sizes=\"auto, (max-width: 576px) 100vw, 576px\" \/><\/a><\/figure>\n<\/div>\n\n\n\n<div class=\"wp-block-cb-slide-v2 cb-slide swiper-slide\">\n<figure class=\"wp-block-image size-large\"><a href=\"https:\/\/ref37.fr\/wp-content\/uploads\/2025\/11\/20250808_151715-scaled.jpg\"><img loading=\"lazy\" decoding=\"async\" width=\"576\" height=\"1024\" src=\"https:\/\/ref37.fr\/wp-content\/uploads\/2025\/11\/20250808_151715-576x1024.jpg\" alt=\"\" class=\"wp-image-284\" srcset=\"https:\/\/rct37.fr\/wp-content\/uploads\/2025\/11\/20250808_151715-576x1024.jpg 576w, https:\/\/rct37.fr\/wp-content\/uploads\/2025\/11\/20250808_151715-169x300.jpg 169w, https:\/\/rct37.fr\/wp-content\/uploads\/2025\/11\/20250808_151715-768x1365.jpg 768w, https:\/\/rct37.fr\/wp-content\/uploads\/2025\/11\/20250808_151715-864x1536.jpg 864w, https:\/\/rct37.fr\/wp-content\/uploads\/2025\/11\/20250808_151715-1153x2048.jpg 1153w, https:\/\/rct37.fr\/wp-content\/uploads\/2025\/11\/20250808_151715-scaled.jpg 1441w\" sizes=\"auto, (max-width: 576px) 100vw, 576px\" \/><\/a><\/figure>\n<\/div>\n<\/div><\/div><div class=\"cb-pagination swiper-pagination\"><\/div><div class=\"cb-button-prev swiper-button-prev\"><\/div><div class=\"cb-button-next swiper-button-next\"><\/div><\/div>\n\n\n\n<p class=\"has-medium-font-size\"><strong><em>08<\/em><\/strong><strong><em>\/0<\/em><\/strong><strong><em>8<\/em><\/strong><strong><em>\/2025<\/em><\/strong><\/p>\n<\/div>\n<\/div>\n\n\n\n<hr class=\"wp-block-separator has-alpha-channel-opacity\"\/>\n\n\n\n<div class=\"wp-block-columns alignwide is-layout-flex wp-container-core-columns-is-layout-28f84493 wp-block-columns-is-layout-flex\">\n<div class=\"wp-block-column is-layout-flow wp-block-column-is-layout-flow\">\n<h2 class=\"wp-block-heading has-text-align-center\"><strong><strong>BROCANTE F6KCI 2025 PHOTOS&nbsp;!!!<\/strong><\/strong><\/h2>\n\n\n\n<div class=\"wp-block-cb-carousel-v2 cb-carousel-block\" data-cb-slides-per-view=\"1\" data-cb-slides-per-group=\"1\" data-cb-space-between=\"0\" data-cb-speed=\"300\" data-cb-navigation=\"true\" data-cb-pagination=\"true\" data-cb-loop=\"true\" data-cb-autoplay=\"true\" data-cb-autoplay-speed=\"3000\" data-cb-breakpoints=\"{&quot;768&quot;:{&quot;slidesPerView&quot;:2,&quot;slidesPerGroup&quot;:1}}\"><div class=\"swiper\"><div class=\"cb-wrapper swiper-wrapper\">\n<div class=\"wp-block-cb-slide-v2 cb-slide swiper-slide\">\n<figure class=\"wp-block-image size-large\"><a href=\"https:\/\/ref37.fr\/wp-content\/uploads\/2025\/11\/DSC01125-scaled.jpg\"><img loading=\"lazy\" decoding=\"async\" width=\"1024\" height=\"576\" src=\"https:\/\/ref37.fr\/wp-content\/uploads\/2025\/11\/DSC01125-1024x576.jpg\" alt=\"\" class=\"wp-image-296\" srcset=\"https:\/\/rct37.fr\/wp-content\/uploads\/2025\/11\/DSC01125-1024x576.jpg 1024w, https:\/\/rct37.fr\/wp-content\/uploads\/2025\/11\/DSC01125-300x169.jpg 300w, https:\/\/rct37.fr\/wp-content\/uploads\/2025\/11\/DSC01125-768x432.jpg 768w, https:\/\/rct37.fr\/wp-content\/uploads\/2025\/11\/DSC01125-1536x864.jpg 1536w, https:\/\/rct37.fr\/wp-content\/uploads\/2025\/11\/DSC01125-2048x1152.jpg 2048w\" sizes=\"auto, (max-width: 1024px) 100vw, 1024px\" \/><\/a><\/figure>\n<\/div>\n\n\n\n<div class=\"wp-block-cb-slide-v2 cb-slide swiper-slide\">\n<figure class=\"wp-block-image size-large\"><a href=\"https:\/\/ref37.fr\/wp-content\/uploads\/2025\/11\/DSC01123-scaled.jpg\"><img loading=\"lazy\" decoding=\"async\" width=\"1024\" height=\"576\" src=\"https:\/\/ref37.fr\/wp-content\/uploads\/2025\/11\/DSC01123-1024x576.jpg\" alt=\"\" class=\"wp-image-295\" srcset=\"https:\/\/rct37.fr\/wp-content\/uploads\/2025\/11\/DSC01123-1024x576.jpg 1024w, https:\/\/rct37.fr\/wp-content\/uploads\/2025\/11\/DSC01123-300x169.jpg 300w, https:\/\/rct37.fr\/wp-content\/uploads\/2025\/11\/DSC01123-768x432.jpg 768w, https:\/\/rct37.fr\/wp-content\/uploads\/2025\/11\/DSC01123-1536x864.jpg 1536w, https:\/\/rct37.fr\/wp-content\/uploads\/2025\/11\/DSC01123-2048x1152.jpg 2048w\" sizes=\"auto, (max-width: 1024px) 100vw, 1024px\" \/><\/a><\/figure>\n<\/div>\n\n\n\n<div class=\"wp-block-cb-slide-v2 cb-slide swiper-slide\">\n<figure class=\"wp-block-image size-large\"><a href=\"https:\/\/ref37.fr\/wp-content\/uploads\/2025\/11\/DSC01119-scaled.jpg\"><img loading=\"lazy\" decoding=\"async\" width=\"1024\" height=\"576\" src=\"https:\/\/ref37.fr\/wp-content\/uploads\/2025\/11\/DSC01119-1024x576.jpg\" alt=\"\" class=\"wp-image-294\" srcset=\"https:\/\/rct37.fr\/wp-content\/uploads\/2025\/11\/DSC01119-1024x576.jpg 1024w, https:\/\/rct37.fr\/wp-content\/uploads\/2025\/11\/DSC01119-300x169.jpg 300w, https:\/\/rct37.fr\/wp-content\/uploads\/2025\/11\/DSC01119-768x432.jpg 768w, https:\/\/rct37.fr\/wp-content\/uploads\/2025\/11\/DSC01119-1536x864.jpg 1536w, https:\/\/rct37.fr\/wp-content\/uploads\/2025\/11\/DSC01119-2048x1152.jpg 2048w\" sizes=\"auto, (max-width: 1024px) 100vw, 1024px\" \/><\/a><\/figure>\n<\/div>\n\n\n\n<div class=\"wp-block-cb-slide-v2 cb-slide swiper-slide\">\n<figure class=\"wp-block-image size-large\"><a href=\"https:\/\/ref37.fr\/wp-content\/uploads\/2025\/11\/DSC01108-scaled.jpg\"><img loading=\"lazy\" decoding=\"async\" width=\"1024\" height=\"576\" src=\"https:\/\/ref37.fr\/wp-content\/uploads\/2025\/11\/DSC01108-1024x576.jpg\" alt=\"\" class=\"wp-image-293\" srcset=\"https:\/\/rct37.fr\/wp-content\/uploads\/2025\/11\/DSC01108-1024x576.jpg 1024w, https:\/\/rct37.fr\/wp-content\/uploads\/2025\/11\/DSC01108-300x169.jpg 300w, https:\/\/rct37.fr\/wp-content\/uploads\/2025\/11\/DSC01108-768x432.jpg 768w, https:\/\/rct37.fr\/wp-content\/uploads\/2025\/11\/DSC01108-1536x864.jpg 1536w, https:\/\/rct37.fr\/wp-content\/uploads\/2025\/11\/DSC01108-2048x1152.jpg 2048w\" sizes=\"auto, (max-width: 1024px) 100vw, 1024px\" \/><\/a><\/figure>\n<\/div>\n\n\n\n<div class=\"wp-block-cb-slide-v2 cb-slide swiper-slide\">\n<figure class=\"wp-block-image size-large\"><a href=\"https:\/\/ref37.fr\/wp-content\/uploads\/2025\/11\/DSC01139-scaled.jpg\"><img loading=\"lazy\" decoding=\"async\" width=\"1024\" height=\"576\" src=\"https:\/\/ref37.fr\/wp-content\/uploads\/2025\/11\/DSC01139-1024x576.jpg\" alt=\"\" class=\"wp-image-292\" srcset=\"https:\/\/rct37.fr\/wp-content\/uploads\/2025\/11\/DSC01139-1024x576.jpg 1024w, https:\/\/rct37.fr\/wp-content\/uploads\/2025\/11\/DSC01139-300x169.jpg 300w, https:\/\/rct37.fr\/wp-content\/uploads\/2025\/11\/DSC01139-768x432.jpg 768w, https:\/\/rct37.fr\/wp-content\/uploads\/2025\/11\/DSC01139-1536x864.jpg 1536w, https:\/\/rct37.fr\/wp-content\/uploads\/2025\/11\/DSC01139-2048x1152.jpg 2048w\" sizes=\"auto, (max-width: 1024px) 100vw, 1024px\" \/><\/a><\/figure>\n<\/div>\n\n\n\n<div class=\"wp-block-cb-slide-v2 cb-slide swiper-slide\">\n<figure class=\"wp-block-image size-large\"><a href=\"https:\/\/ref37.fr\/wp-content\/uploads\/2025\/11\/011-scaled.jpg\"><img loading=\"lazy\" decoding=\"async\" width=\"1024\" height=\"576\" src=\"https:\/\/ref37.fr\/wp-content\/uploads\/2025\/11\/011-1024x576.jpg\" alt=\"\" class=\"wp-image-297\" srcset=\"https:\/\/rct37.fr\/wp-content\/uploads\/2025\/11\/011-1024x576.jpg 1024w, https:\/\/rct37.fr\/wp-content\/uploads\/2025\/11\/011-300x169.jpg 300w, https:\/\/rct37.fr\/wp-content\/uploads\/2025\/11\/011-768x432.jpg 768w, https:\/\/rct37.fr\/wp-content\/uploads\/2025\/11\/011-1536x864.jpg 1536w, https:\/\/rct37.fr\/wp-content\/uploads\/2025\/11\/011-2048x1152.jpg 2048w\" sizes=\"auto, (max-width: 1024px) 100vw, 1024px\" \/><\/a><\/figure>\n<\/div>\n<\/div><\/div><div class=\"cb-pagination swiper-pagination\"><\/div><div class=\"cb-button-prev swiper-button-prev\"><\/div><div class=\"cb-button-next swiper-button-next\"><\/div><\/div>\n\n\n\n<p class=\"has-medium-font-size\"><strong><em>14\/06\/2025<\/em><\/strong><\/p>\n<\/div>\n<\/div>\n\n\n\n<hr class=\"wp-block-separator has-alpha-channel-opacity\"\/>\n\n\n\n<div class=\"wp-block-columns alignwide is-layout-flex wp-container-core-columns-is-layout-28f84493 wp-block-columns-is-layout-flex\">\n<div class=\"wp-block-column is-layout-flow wp-block-column-is-layout-flow\">\n<h2 class=\"wp-block-heading has-text-align-center\"><strong><strong><strong>Nettoyage du b\u00e2timent et entretien des espaces verts<\/strong><\/strong><\/strong><\/h2>\n\n\n\n<div class=\"wp-block-cb-carousel-v2 cb-carousel-block\" data-cb-slides-per-view=\"1\" data-cb-slides-per-group=\"1\" data-cb-space-between=\"0\" data-cb-speed=\"300\" data-cb-navigation=\"true\" data-cb-pagination=\"true\" data-cb-loop=\"true\" data-cb-autoplay=\"true\" data-cb-autoplay-speed=\"3000\" data-cb-breakpoints=\"{&quot;768&quot;:{&quot;slidesPerView&quot;:2,&quot;slidesPerGroup&quot;:2}}\"><div class=\"swiper\"><div class=\"cb-wrapper swiper-wrapper\">\n<div class=\"wp-block-cb-slide-v2 cb-slide swiper-slide\">\n<figure class=\"wp-block-embed is-type-video is-provider-youtube wp-block-embed-youtube wp-embed-aspect-16-9 wp-has-aspect-ratio\"><div class=\"wp-block-embed__wrapper\">\n<iframe loading=\"lazy\" title=\"REF37 F6KCI Nettoyage du b\u00e2timent et entretien des espaces verts\" width=\"500\" height=\"281\" src=\"https:\/\/www.youtube.com\/embed\/k6CnQM2kNRM?feature=oembed\" frameborder=\"0\" allow=\"accelerometer; autoplay; clipboard-write; encrypted-media; gyroscope; picture-in-picture; web-share\" referrerpolicy=\"strict-origin-when-cross-origin\" allowfullscreen><\/iframe>\n<\/div><\/figure>\n<\/div>\n\n\n\n<div class=\"wp-block-cb-slide-v2 cb-slide swiper-slide\">\n<figure class=\"wp-block-embed is-type-video is-provider-youtube wp-block-embed-youtube wp-embed-aspect-16-9 wp-has-aspect-ratio\"><div class=\"wp-block-embed__wrapper\">\n<iframe loading=\"lazy\" title=\"REF37 F6KCI Nettoyage du b\u00e2timent et entretien des espaces verts\" width=\"500\" height=\"281\" src=\"https:\/\/www.youtube.com\/embed\/B-cqupEBbPY?feature=oembed\" frameborder=\"0\" allow=\"accelerometer; autoplay; clipboard-write; encrypted-media; gyroscope; picture-in-picture; web-share\" referrerpolicy=\"strict-origin-when-cross-origin\" allowfullscreen><\/iframe>\n<\/div><\/figure>\n<\/div>\n<\/div><\/div><div class=\"cb-pagination swiper-pagination\"><\/div><div class=\"cb-button-prev swiper-button-prev\"><\/div><div class=\"cb-button-next swiper-button-next\"><\/div><\/div>\n\n\n\n<p class=\"has-medium-font-size\"><strong><em>02\/05\/2025<\/em><\/strong><\/p>\n<\/div>\n<\/div>\n\n\n\n<hr class=\"wp-block-separator has-alpha-channel-opacity\"\/>\n\n\n\n<div class=\"wp-block-columns alignwide is-layout-flex wp-container-core-columns-is-layout-28f84493 wp-block-columns-is-layout-flex\">\n<div class=\"wp-block-column is-layout-flow wp-block-column-is-layout-flow\">\n<h2 class=\"wp-block-heading has-text-align-center\"><strong><strong><strong><strong>lancement ballon sonde Lyc\u00e9e Vaucanson Tours du 28 avril 2025<\/strong><\/strong><\/strong><\/strong><\/h2>\n\n\n\n<figure class=\"wp-block-embed is-type-video is-provider-youtube wp-block-embed-youtube wp-embed-aspect-16-9 wp-has-aspect-ratio\"><div class=\"wp-block-embed__wrapper\">\n<iframe loading=\"lazy\" title=\"lancement ballon sonde Lyc\u00e9e Vaucanson Tours du 28 avril 2025\" width=\"500\" height=\"281\" src=\"https:\/\/www.youtube.com\/embed\/gLcUkf5GU-E?feature=oembed\" frameborder=\"0\" allow=\"accelerometer; autoplay; clipboard-write; encrypted-media; gyroscope; picture-in-picture; web-share\" referrerpolicy=\"strict-origin-when-cross-origin\" allowfullscreen><\/iframe>\n<\/div><\/figure>\n\n\n\n<p class=\"has-medium-font-size\"><strong><em>28\/04\/2025<\/em><\/strong><\/p>\n<\/div>\n<\/div>\n\n\n\n<hr class=\"wp-block-separator has-alpha-channel-opacity\"\/>\n\n\n\n<div class=\"wp-block-columns alignwide is-layout-flex wp-container-core-columns-is-layout-28f84493 wp-block-columns-is-layout-flex\">\n<div class=\"wp-block-column is-layout-flow wp-block-column-is-layout-flow\">\n<h2 class=\"wp-block-heading has-text-align-center\"><strong><strong><strong><strong><strong>BROCANTE F6KCI 2025<\/strong><\/strong><\/strong><\/strong><\/strong><\/h2>\n\n\n\n<figure class=\"wp-block-image size-large is-resized\"><a href=\"https:\/\/ref37.fr\/wp-content\/uploads\/2025\/11\/Affiche-2025.jpg\"><img loading=\"lazy\" decoding=\"async\" width=\"1024\" height=\"576\" src=\"https:\/\/ref37.fr\/wp-content\/uploads\/2025\/11\/Affiche-2025-1024x576.jpg\" alt=\"\" class=\"wp-image-299\" style=\"width:1175px;height:auto\" srcset=\"https:\/\/rct37.fr\/wp-content\/uploads\/2025\/11\/Affiche-2025-1024x576.jpg 1024w, https:\/\/rct37.fr\/wp-content\/uploads\/2025\/11\/Affiche-2025-300x169.jpg 300w, https:\/\/rct37.fr\/wp-content\/uploads\/2025\/11\/Affiche-2025-768x432.jpg 768w, https:\/\/rct37.fr\/wp-content\/uploads\/2025\/11\/Affiche-2025-1536x864.jpg 1536w, https:\/\/rct37.fr\/wp-content\/uploads\/2025\/11\/Affiche-2025.jpg 1920w\" sizes=\"auto, (max-width: 1024px) 100vw, 1024px\" \/><\/a><\/figure>\n\n\n\n<p class=\"has-medium-font-size\"><strong><em>06\/04\/2025<\/em><\/strong><\/p>\n<\/div>\n<\/div>\n\n\n\n<hr class=\"wp-block-separator has-alpha-channel-opacity\"\/>\n\n\n\n<div class=\"wp-block-columns alignwide is-layout-flex wp-container-core-columns-is-layout-28f84493 wp-block-columns-is-layout-flex\">\n<div class=\"wp-block-column is-layout-flow wp-block-column-is-layout-flow\">\n<h2 class=\"wp-block-heading has-text-align-center\"><strong><strong><strong><strong><strong>RANGEMENT DE LA SALLE DE COURS ET REMISE EN PLACE DES ORDINATEURS<\/strong><\/strong><\/strong><\/strong><\/strong><\/h2>\n\n\n\n<figure class=\"wp-block-image size-large is-resized\"><a href=\"https:\/\/ref37.fr\/wp-content\/uploads\/2025\/11\/20250321_231005-1-scaled.jpg\"><img loading=\"lazy\" decoding=\"async\" width=\"1024\" height=\"577\" src=\"https:\/\/ref37.fr\/wp-content\/uploads\/2025\/11\/20250321_231005-1-1024x577.jpg\" alt=\"\" class=\"wp-image-301\" style=\"width:1175px;height:auto\" srcset=\"https:\/\/rct37.fr\/wp-content\/uploads\/2025\/11\/20250321_231005-1-1024x577.jpg 1024w, https:\/\/rct37.fr\/wp-content\/uploads\/2025\/11\/20250321_231005-1-300x169.jpg 300w, https:\/\/rct37.fr\/wp-content\/uploads\/2025\/11\/20250321_231005-1-768x432.jpg 768w, https:\/\/rct37.fr\/wp-content\/uploads\/2025\/11\/20250321_231005-1-1536x865.jpg 1536w, https:\/\/rct37.fr\/wp-content\/uploads\/2025\/11\/20250321_231005-1-2048x1153.jpg 2048w\" sizes=\"auto, (max-width: 1024px) 100vw, 1024px\" \/><\/a><\/figure>\n\n\n\n<p class=\"has-medium-font-size\"><strong><em>14\/03\/2025<\/em><\/strong><\/p>\n<\/div>\n<\/div>\n\n\n\n<hr class=\"wp-block-separator has-alpha-channel-opacity\"\/>\n\n\n\n<div class=\"wp-block-columns alignwide is-layout-flex wp-container-core-columns-is-layout-28f84493 wp-block-columns-is-layout-flex\">\n<div class=\"wp-block-column is-layout-flow wp-block-column-is-layout-flow\">\n<h2 class=\"wp-block-heading has-text-align-center\"><strong><strong><strong><strong><strong><strong><strong><strong><strong><strong><strong>RENGEMENT DE LA RESERVE<\/strong><\/strong><\/strong><\/strong><\/strong><\/strong><\/strong><\/strong><\/strong><\/strong><\/strong><\/h2>\n\n\n\n<figure class=\"wp-block-image aligncenter size-large is-resized\"><a href=\"https:\/\/ref37.fr\/wp-content\/uploads\/2025\/11\/20250321_231119-scaled.jpg\"><img loading=\"lazy\" decoding=\"async\" width=\"577\" height=\"1024\" src=\"https:\/\/ref37.fr\/wp-content\/uploads\/2025\/11\/20250321_231119-577x1024.jpg\" alt=\"\" class=\"wp-image-302\" style=\"width:520px;height:auto\" srcset=\"https:\/\/rct37.fr\/wp-content\/uploads\/2025\/11\/20250321_231119-577x1024.jpg 577w, https:\/\/rct37.fr\/wp-content\/uploads\/2025\/11\/20250321_231119-169x300.jpg 169w, https:\/\/rct37.fr\/wp-content\/uploads\/2025\/11\/20250321_231119-768x1364.jpg 768w, https:\/\/rct37.fr\/wp-content\/uploads\/2025\/11\/20250321_231119-865x1536.jpg 865w, https:\/\/rct37.fr\/wp-content\/uploads\/2025\/11\/20250321_231119-1153x2048.jpg 1153w, https:\/\/rct37.fr\/wp-content\/uploads\/2025\/11\/20250321_231119-scaled.jpg 1441w\" sizes=\"auto, (max-width: 577px) 100vw, 577px\" \/><\/a><\/figure>\n\n\n\n<p class=\"has-medium-font-size\"><strong><em>21\/03\/2025<\/em><\/strong><\/p>\n<\/div>\n<\/div>\n\n\n\n<hr class=\"wp-block-separator has-alpha-channel-opacity\"\/>\n\n\n\n<div class=\"wp-block-columns alignwide is-layout-flex wp-container-core-columns-is-layout-28f84493 wp-block-columns-is-layout-flex\">\n<div class=\"wp-block-column is-layout-flow wp-block-column-is-layout-flow\">\n<h2 class=\"wp-block-heading has-text-align-center\"><strong><strong><strong><strong><strong><strong>ASSEMBLE GENERAL 2025<\/strong><\/strong><\/strong><\/strong><\/strong><\/strong><\/h2>\n\n\n\n<p class=\"has-medium-font-size\"><strong><em>28\/02\/2025<\/em><\/strong><\/p>\n<\/div>\n<\/div>\n","protected":false},"excerpt":{"rendered":"<p>Ann\u00e9e 2025 Rediffusion De la Modification Des Statue 07\/11\/2025 Installation Antenne 137MHz pour satelitte NOAA 09\/08\/2025 Passage des gaine pour la future antenne HF Force 12 08\/08\/2025 BROCANTE F6KCI 2025 PHOTOS&nbsp;!!! 14\/06\/2025 Nettoyage du b\u00e2timent et entretien des espaces verts 02\/05\/2025 lancement ballon sonde Lyc\u00e9e Vaucanson Tours du 28 avril 2025 28\/04\/2025 BROCANTE F6KCI 2025 [&hellip;]<\/p>\n","protected":false},"author":1,"featured_media":0,"parent":0,"menu_order":0,"comment_status":"closed","ping_status":"closed","template":"","meta":{"footnotes":""},"class_list":["post-278","page","type-page","status-publish","hentry"],"jetpack_sharing_enabled":true,"_links":{"self":[{"href":"https:\/\/rct37.fr\/index.php\/wp-json\/wp\/v2\/pages\/278","targetHints":{"allow":["GET"]}}],"collection":[{"href":"https:\/\/rct37.fr\/index.php\/wp-json\/wp\/v2\/pages"}],"about":[{"href":"https:\/\/rct37.fr\/index.php\/wp-json\/wp\/v2\/types\/page"}],"author":[{"embeddable":true,"href":"https:\/\/rct37.fr\/index.php\/wp-json\/wp\/v2\/users\/1"}],"replies":[{"embeddable":true,"href":"https:\/\/rct37.fr\/index.php\/wp-json\/wp\/v2\/comments?post=278"}],"version-history":[{"count":0,"href":"https:\/\/rct37.fr\/index.php\/wp-json\/wp\/v2\/pages\/278\/revisions"}],"wp:attachment":[{"href":"https:\/\/rct37.fr\/index.php\/wp-json\/wp\/v2\/media?parent=278"}],"curies":[{"name":"wp","href":"https:\/\/api.w.org\/{rel}","templated":true}]}}