{"id":43,"date":"2025-11-08T19:54:41","date_gmt":"2025-11-08T18:54:41","guid":{"rendered":"https:\/\/ref37.fr\/?page_id=43"},"modified":"2025-11-11T16:16:35","modified_gmt":"2025-11-11T15:16:35","slug":"annee-2023","status":"publish","type":"page","link":"https:\/\/rct37.fr\/index.php\/annee-2023\/","title":{"rendered":"Ann\u00e9e 2023"},"content":{"rendered":"\n<h1 class=\"wp-block-heading alignwide has-text-align-center\"><strong>Ann\u00e9e 2023<\/strong><\/h1>\n\n\n\n<div class=\"wp-block-columns alignwide are-vertically-aligned-top is-layout-flex wp-container-core-columns-is-layout-28f84493 wp-block-columns-is-layout-flex\">\n<div class=\"wp-block-column is-vertically-aligned-top is-layout-flow wp-block-column-is-layout-flow\">\n<h2 class=\"wp-block-heading alignwide has-text-align-center\"><strong>Fabrication Antenne pour le 137Mhz pour les satelites m\u00e9t\u00e9os<\/strong><\/h2>\n\n\n\n<p><strong>Pour la r\u00e9ception des images m\u00e9t\u00e9o transmis par les satellites Noaa sur la fr\u00e9quence 137 Mhz F4LFB St\u00e9phen \u00e0 fabriquer une antenne quadrifilar helix antenna gr\u00e2ce \u00e0 un lien sur le site&nbsp;suivant.<\/strong><\/p>\n\n\n\n<p><strong>Il ne reste plus qu&rsquo;\u00e0 monter l&rsquo;antenne sur le toit pour commencer les premiers tests de r\u00e9ception<\/strong><\/p>\n\n\n\n<div class=\"wp-block-jetpack-slideshow aligncenter\" data-autoplay=\"true\" data-delay=\"4\" data-effect=\"slide\" style=\"--aspect-ratio:calc(241 \/ 1024)\"><div class=\"wp-block-jetpack-slideshow_container swiper\"><ul class=\"wp-block-jetpack-slideshow_swiper-wrapper swiper-wrapper\"><li class=\"wp-block-jetpack-slideshow_slide swiper-slide\"><figure><img loading=\"lazy\" decoding=\"async\" width=\"241\" height=\"1024\" alt=\"\" class=\"wp-block-jetpack-slideshow_image wp-image-447\" data-id=\"447\" data-aspect-ratio=\"241 \/ 1024\" src=\"https:\/\/ref37.fr\/wp-content\/uploads\/2025\/11\/20231121_20013925-241x1024.jpg\" srcset=\"https:\/\/rct37.fr\/wp-content\/uploads\/2025\/11\/20231121_20013925-241x1024.jpg 241w, https:\/\/rct37.fr\/wp-content\/uploads\/2025\/11\/20231121_20013925-362x1536.jpg 362w, https:\/\/rct37.fr\/wp-content\/uploads\/2025\/11\/20231121_20013925-482x2048.jpg 482w, https:\/\/rct37.fr\/wp-content\/uploads\/2025\/11\/20231121_20013925-scaled.jpg 603w\" sizes=\"(max-width: 241px) 100vw, 241px\" \/><\/figure><\/li><li class=\"wp-block-jetpack-slideshow_slide swiper-slide\"><figure><img loading=\"lazy\" decoding=\"async\" width=\"768\" height=\"1024\" alt=\"\" class=\"wp-block-jetpack-slideshow_image wp-image-218\" data-id=\"218\" data-aspect-ratio=\"768 \/ 1024\" src=\"https:\/\/ref37.fr\/wp-content\/uploads\/2025\/11\/404929233_871397568322357_8107670959311671111_n-768x1024.jpg\" srcset=\"https:\/\/rct37.fr\/wp-content\/uploads\/2025\/11\/404929233_871397568322357_8107670959311671111_n-768x1024.jpg 768w, https:\/\/rct37.fr\/wp-content\/uploads\/2025\/11\/404929233_871397568322357_8107670959311671111_n-225x300.jpg 225w, https:\/\/rct37.fr\/wp-content\/uploads\/2025\/11\/404929233_871397568322357_8107670959311671111_n-1152x1536.jpg 1152w, https:\/\/rct37.fr\/wp-content\/uploads\/2025\/11\/404929233_871397568322357_8107670959311671111_n.jpg 1536w\" sizes=\"(max-width: 768px) 100vw, 768px\" \/><\/figure><\/li><\/ul><a class=\"wp-block-jetpack-slideshow_button-prev swiper-button-prev swiper-button-white\" role=\"button\"><\/a><a class=\"wp-block-jetpack-slideshow_button-next swiper-button-next swiper-button-white\" role=\"button\"><\/a><a aria-label=\"Pause Slideshow\" class=\"wp-block-jetpack-slideshow_button-pause\" role=\"button\"><\/a><div class=\"wp-block-jetpack-slideshow_pagination swiper-pagination swiper-pagination-white\"><\/div><\/div><\/div>\n\n\n\n<p><em>24\/11\/2023<\/em><\/p>\n\n\n\n<hr class=\"wp-block-separator has-alpha-channel-opacity\"\/>\n<\/div>\n<\/div>\n\n\n\n<div class=\"wp-block-columns alignwide is-layout-flex wp-container-core-columns-is-layout-28f84493 wp-block-columns-is-layout-flex\">\n<div class=\"wp-block-column is-layout-flow wp-block-column-is-layout-flow\">\n<h2 class=\"wp-block-heading alignwide\"><strong><strong>DES NOUVEAUX RADIO AMATEURS CHEZ F6KCI A HAM EXPO !!!!!<\/strong><\/strong><\/h2>\n\n\n\n<p><strong><em>Bravo \u00e0 de gauche a droite: <\/em><\/strong><\/p>\n\n\n\n<p><strong><em>Cl\u00e9mentine (F4LEZ)<\/em><\/strong><\/p>\n\n\n\n<p><strong><em> Stephen (F4LFB)<\/em><\/strong><\/p>\n\n\n\n<p><strong><em> Herv\u00e9 (F4LFC)<\/em><\/strong><\/p>\n\n\n\n<p><strong><em> Thomas (F4LFH)<\/em><\/strong><\/p>\n\n\n\n<p><strong><em> Helder (F4FCI)<\/em><\/strong><\/p>\n\n\n\n<p><strong><em>Cl\u00e9mentine qui a pass\u00e9 l&rsquo;examen haut la main avec 20\/20 en r\u00e9glementation et en technique !!!<\/em><\/strong><\/p>\n\n\n\n<p><strong><em>Vous avez fait briller le radio-club F6KCI \u00e0 Ham Expo et gagner un Pocket VHF UHF gr\u00e2ce \u00e0 passion Radio-Shop<\/em><\/strong><\/p>\n\n\n\n<figure class=\"wp-block-image size-large\"><a href=\"https:\/\/ref37.fr\/wp-content\/uploads\/2025\/11\/392952514_750831457062518_6963303795520183333_n.jpg\"><img loading=\"lazy\" decoding=\"async\" width=\"1024\" height=\"768\" src=\"https:\/\/ref37.fr\/wp-content\/uploads\/2025\/11\/392952514_750831457062518_6963303795520183333_n-1024x768.jpg\" alt=\"\" class=\"wp-image-219\" srcset=\"https:\/\/rct37.fr\/wp-content\/uploads\/2025\/11\/392952514_750831457062518_6963303795520183333_n-1024x768.jpg 1024w, https:\/\/rct37.fr\/wp-content\/uploads\/2025\/11\/392952514_750831457062518_6963303795520183333_n-300x225.jpg 300w, https:\/\/rct37.fr\/wp-content\/uploads\/2025\/11\/392952514_750831457062518_6963303795520183333_n-768x576.jpg 768w, https:\/\/rct37.fr\/wp-content\/uploads\/2025\/11\/392952514_750831457062518_6963303795520183333_n.jpg 1400w\" sizes=\"auto, (max-width: 1024px) 100vw, 1024px\" \/><\/a><\/figure>\n\n\n\n<p><em><em>21\/10\/2023<\/em><\/em><\/p>\n\n\n\n<hr class=\"wp-block-separator has-alpha-channel-opacity\"\/>\n<\/div>\n<\/div>\n\n\n\n<div class=\"wp-block-columns alignwide is-layout-flex wp-container-core-columns-is-layout-28f84493 wp-block-columns-is-layout-flex\">\n<div class=\"wp-block-column is-layout-flow wp-block-column-is-layout-flow\">\n<h2 class=\"wp-block-heading alignwide\"><strong><strong><strong>BROCANTE DU 9 SEPTEMBRE&nbsp;2023<\/strong><\/strong><\/strong><\/h2>\n\n\n\n<figure class=\"wp-block-image size-large\"><a href=\"https:\/\/ref37.fr\/wp-content\/uploads\/2025\/11\/Affiche-n2.png\"><img loading=\"lazy\" decoding=\"async\" width=\"1024\" height=\"576\" src=\"https:\/\/ref37.fr\/wp-content\/uploads\/2025\/11\/Affiche-n2-1024x576.png\" alt=\"\" class=\"wp-image-220\" srcset=\"https:\/\/rct37.fr\/wp-content\/uploads\/2025\/11\/Affiche-n2-1024x576.png 1024w, https:\/\/rct37.fr\/wp-content\/uploads\/2025\/11\/Affiche-n2-300x169.png 300w, https:\/\/rct37.fr\/wp-content\/uploads\/2025\/11\/Affiche-n2-768x432.png 768w, https:\/\/rct37.fr\/wp-content\/uploads\/2025\/11\/Affiche-n2-1536x864.png 1536w, https:\/\/rct37.fr\/wp-content\/uploads\/2025\/11\/Affiche-n2.png 1920w\" sizes=\"auto, (max-width: 1024px) 100vw, 1024px\" \/><\/a><\/figure>\n\n\n\n<p><strong><em>09\/06\/2023<\/em><\/strong><\/p>\n\n\n\n<hr class=\"wp-block-separator has-alpha-channel-opacity\"\/>\n<\/div>\n<\/div>\n\n\n\n<div class=\"wp-block-columns alignwide is-layout-flex wp-container-core-columns-is-layout-28f84493 wp-block-columns-is-layout-flex\">\n<div class=\"wp-block-column is-style-default is-layout-flow wp-block-column-is-layout-flow\">\n<h2 class=\"wp-block-heading alignwide\"><strong><strong><strong><strong>Assembl\u00e9e g\u00e9n\u00e9rale 2023<\/strong><\/strong><\/strong><\/strong><\/h2>\n\n\n\n<div class=\"wp-block-cb-carousel-v2 cb-carousel-block cb-single-slide\" data-cb-slides-per-view=\"1\" data-cb-slides-per-group=\"1\" data-cb-space-between=\"7\" data-cb-speed=\"300\" data-cb-navigation=\"true\" data-cb-pagination=\"true\" data-cb-loop=\"true\" data-cb-autoplay=\"true\" data-cb-autoplay-speed=\"3500\" data-cb-breakpoints=\"{&quot;768&quot;:{&quot;slidesPerView&quot;:1,&quot;slidesPerGroup&quot;:1}}\"><div class=\"swiper\"><div class=\"cb-wrapper swiper-wrapper\">\n<div class=\"wp-block-cb-slide-v2 cb-slide swiper-slide\">\n<figure class=\"wp-block-image size-large\"><a href=\"https:\/\/ref37.fr\/wp-content\/uploads\/2025\/11\/20230224_220650-scaled.jpg\"><img loading=\"lazy\" decoding=\"async\" width=\"1024\" height=\"399\" src=\"https:\/\/ref37.fr\/wp-content\/uploads\/2025\/11\/20230224_220650-1024x399.jpg\" alt=\"\" class=\"wp-image-221\" style=\"aspect-ratio:16\/9;object-fit:cover\" srcset=\"https:\/\/rct37.fr\/wp-content\/uploads\/2025\/11\/20230224_220650-1024x399.jpg 1024w, https:\/\/rct37.fr\/wp-content\/uploads\/2025\/11\/20230224_220650-300x117.jpg 300w, https:\/\/rct37.fr\/wp-content\/uploads\/2025\/11\/20230224_220650-768x300.jpg 768w, https:\/\/rct37.fr\/wp-content\/uploads\/2025\/11\/20230224_220650-1536x599.jpg 1536w, https:\/\/rct37.fr\/wp-content\/uploads\/2025\/11\/20230224_220650-2048x799.jpg 2048w\" sizes=\"auto, (max-width: 1024px) 100vw, 1024px\" \/><\/a><\/figure>\n<\/div>\n\n\n\n<div class=\"wp-block-cb-slide-v2 cb-slide swiper-slide\">\n<figure class=\"wp-block-image size-large\"><a href=\"https:\/\/ref37.fr\/wp-content\/uploads\/2025\/11\/20230224_220638-scaled.jpg\"><img loading=\"lazy\" decoding=\"async\" width=\"1024\" height=\"399\" src=\"https:\/\/ref37.fr\/wp-content\/uploads\/2025\/11\/20230224_220638-1024x399.jpg\" alt=\"\" class=\"wp-image-222\" style=\"aspect-ratio:16\/9;object-fit:cover\" srcset=\"https:\/\/rct37.fr\/wp-content\/uploads\/2025\/11\/20230224_220638-1024x399.jpg 1024w, https:\/\/rct37.fr\/wp-content\/uploads\/2025\/11\/20230224_220638-300x117.jpg 300w, https:\/\/rct37.fr\/wp-content\/uploads\/2025\/11\/20230224_220638-768x300.jpg 768w, https:\/\/rct37.fr\/wp-content\/uploads\/2025\/11\/20230224_220638-1536x599.jpg 1536w, https:\/\/rct37.fr\/wp-content\/uploads\/2025\/11\/20230224_220638-2048x799.jpg 2048w\" sizes=\"auto, (max-width: 1024px) 100vw, 1024px\" \/><\/a><\/figure>\n<\/div>\n<\/div><\/div><div class=\"cb-pagination swiper-pagination\"><\/div><div class=\"cb-button-prev swiper-button-prev\"><\/div><div class=\"cb-button-next swiper-button-next\"><\/div><\/div>\n\n\n\n<p><strong><em>09\/06\/2023<\/em><\/strong><\/p>\n\n\n\n<hr class=\"wp-block-separator has-alpha-channel-opacity\"\/>\n<\/div>\n<\/div>\n","protected":false},"excerpt":{"rendered":"<p>Ann\u00e9e 2023 Fabrication Antenne pour le 137Mhz pour les satelites m\u00e9t\u00e9os Pour la r\u00e9ception des images m\u00e9t\u00e9o transmis par les satellites Noaa sur la fr\u00e9quence 137 Mhz F4LFB St\u00e9phen \u00e0 fabriquer une antenne quadrifilar helix antenna gr\u00e2ce \u00e0 un lien sur le site&nbsp;suivant. Il ne reste plus qu&rsquo;\u00e0 monter l&rsquo;antenne sur le toit pour commencer [&hellip;]<\/p>\n","protected":false},"author":1,"featured_media":0,"parent":0,"menu_order":0,"comment_status":"closed","ping_status":"closed","template":"","meta":{"footnotes":""},"class_list":["post-43","page","type-page","status-publish","hentry"],"jetpack_sharing_enabled":true,"_links":{"self":[{"href":"https:\/\/rct37.fr\/index.php\/wp-json\/wp\/v2\/pages\/43","targetHints":{"allow":["GET"]}}],"collection":[{"href":"https:\/\/rct37.fr\/index.php\/wp-json\/wp\/v2\/pages"}],"about":[{"href":"https:\/\/rct37.fr\/index.php\/wp-json\/wp\/v2\/types\/page"}],"author":[{"embeddable":true,"href":"https:\/\/rct37.fr\/index.php\/wp-json\/wp\/v2\/users\/1"}],"replies":[{"embeddable":true,"href":"https:\/\/rct37.fr\/index.php\/wp-json\/wp\/v2\/comments?post=43"}],"version-history":[{"count":0,"href":"https:\/\/rct37.fr\/index.php\/wp-json\/wp\/v2\/pages\/43\/revisions"}],"wp:attachment":[{"href":"https:\/\/rct37.fr\/index.php\/wp-json\/wp\/v2\/media?parent=43"}],"curies":[{"name":"wp","href":"https:\/\/api.w.org\/{rel}","templated":true}]}}