{"id":45,"date":"2025-11-08T19:54:54","date_gmt":"2025-11-08T18:54:54","guid":{"rendered":"https:\/\/ref37.fr\/?page_id=45"},"modified":"2025-11-11T16:17:21","modified_gmt":"2025-11-11T15:17:21","slug":"annee-2022","status":"publish","type":"page","link":"https:\/\/rct37.fr\/index.php\/annee-2022\/","title":{"rendered":"Ann\u00e9e 2022"},"content":{"rendered":"\n<h1 class=\"wp-block-heading has-text-align-center\"><strong>Ann\u00e9e 2022<\/strong><\/h1>\n\n\n\n<div class=\"wp-block-columns alignwide is-layout-flex wp-container-core-columns-is-layout-28f84493 wp-block-columns-is-layout-flex\">\n<div class=\"wp-block-column is-layout-flow wp-block-column-is-layout-flow\" style=\"flex-basis:100%\">\n<h1 class=\"wp-block-heading has-text-align-center\"><strong>Assembl\u00e9e g\u00e9n\u00e9rale 2022<\/strong><\/h1>\n\n\n\n<div class=\"wp-block-cb-carousel-v2 cb-carousel-block cb-single-slide\" data-cb-slides-per-view=\"1\" data-cb-slides-per-group=\"1\" data-cb-space-between=\"15\" data-cb-speed=\"300\" data-cb-navigation=\"true\" data-cb-pagination=\"true\" data-cb-breakpoints=\"{&quot;768&quot;:{&quot;slidesPerView&quot;:1,&quot;slidesPerGroup&quot;:1}}\"><div class=\"swiper\"><div class=\"cb-wrapper swiper-wrapper\">\n<div class=\"wp-block-cb-slide-v2 cb-slide swiper-slide\">\n<figure class=\"wp-block-image size-large\"><a href=\"https:\/\/ref37.fr\/wp-content\/uploads\/2025\/11\/20220325_213545-scaled.jpg\"><img loading=\"lazy\" decoding=\"async\" width=\"1024\" height=\"576\" src=\"https:\/\/ref37.fr\/wp-content\/uploads\/2025\/11\/20220325_213545-1024x576.jpg\" alt=\"\" class=\"wp-image-201\" srcset=\"https:\/\/rct37.fr\/wp-content\/uploads\/2025\/11\/20220325_213545-1024x576.jpg 1024w, https:\/\/rct37.fr\/wp-content\/uploads\/2025\/11\/20220325_213545-300x169.jpg 300w, https:\/\/rct37.fr\/wp-content\/uploads\/2025\/11\/20220325_213545-768x432.jpg 768w, https:\/\/rct37.fr\/wp-content\/uploads\/2025\/11\/20220325_213545-1536x864.jpg 1536w, https:\/\/rct37.fr\/wp-content\/uploads\/2025\/11\/20220325_213545-2048x1152.jpg 2048w\" sizes=\"auto, (max-width: 1024px) 100vw, 1024px\" \/><\/a><\/figure>\n<\/div>\n\n\n\n<div class=\"wp-block-cb-slide-v2 cb-slide swiper-slide\">\n<figure class=\"wp-block-image size-large\"><a href=\"https:\/\/ref37.fr\/wp-content\/uploads\/2025\/11\/20220325_213534-scaled.jpg\"><img loading=\"lazy\" decoding=\"async\" width=\"1024\" height=\"576\" src=\"https:\/\/ref37.fr\/wp-content\/uploads\/2025\/11\/20220325_213534-1024x576.jpg\" alt=\"\" class=\"wp-image-200\" srcset=\"https:\/\/rct37.fr\/wp-content\/uploads\/2025\/11\/20220325_213534-1024x576.jpg 1024w, https:\/\/rct37.fr\/wp-content\/uploads\/2025\/11\/20220325_213534-300x169.jpg 300w, https:\/\/rct37.fr\/wp-content\/uploads\/2025\/11\/20220325_213534-768x432.jpg 768w, https:\/\/rct37.fr\/wp-content\/uploads\/2025\/11\/20220325_213534-1536x864.jpg 1536w, https:\/\/rct37.fr\/wp-content\/uploads\/2025\/11\/20220325_213534-2048x1152.jpg 2048w\" sizes=\"auto, (max-width: 1024px) 100vw, 1024px\" \/><\/a><\/figure>\n<\/div>\n\n\n\n<div class=\"wp-block-cb-slide-v2 cb-slide swiper-slide\">\n<figure class=\"wp-block-image size-large\"><a href=\"https:\/\/ref37.fr\/wp-content\/uploads\/2025\/11\/20220325_213556-scaled.jpg\"><img loading=\"lazy\" decoding=\"async\" width=\"1024\" height=\"576\" src=\"https:\/\/ref37.fr\/wp-content\/uploads\/2025\/11\/20220325_213556-1024x576.jpg\" alt=\"\" class=\"wp-image-199\" srcset=\"https:\/\/rct37.fr\/wp-content\/uploads\/2025\/11\/20220325_213556-1024x576.jpg 1024w, https:\/\/rct37.fr\/wp-content\/uploads\/2025\/11\/20220325_213556-300x169.jpg 300w, https:\/\/rct37.fr\/wp-content\/uploads\/2025\/11\/20220325_213556-768x432.jpg 768w, https:\/\/rct37.fr\/wp-content\/uploads\/2025\/11\/20220325_213556-1536x864.jpg 1536w, https:\/\/rct37.fr\/wp-content\/uploads\/2025\/11\/20220325_213556-2048x1152.jpg 2048w\" sizes=\"auto, (max-width: 1024px) 100vw, 1024px\" \/><\/a><\/figure>\n<\/div>\n<\/div><\/div><div class=\"cb-pagination swiper-pagination\"><\/div><div class=\"cb-button-prev swiper-button-prev\"><\/div><div class=\"cb-button-next swiper-button-next\"><\/div><\/div>\n<\/div>\n<\/div>\n\n\n\n<p class=\"has-text-align-left\"><strong><em><strong><em>25\/03\/22<\/em><\/strong><\/em><\/strong><\/p>\n\n\n\n<hr class=\"wp-block-separator alignfull has-alpha-channel-opacity\"\/>\n\n\n\n<div class=\"wp-block-columns alignwide is-layout-flex wp-container-core-columns-is-layout-28f84493 wp-block-columns-is-layout-flex\">\n<div class=\"wp-block-column is-layout-flow wp-block-column-is-layout-flow\" style=\"flex-basis:100%\">\n<h1 class=\"wp-block-heading has-text-align-center\"><strong><strong>Suites Et Fin des Travaux Dans La Salle Radio !!!<\/strong><\/strong><\/h1>\n<\/div>\n<\/div>\n\n\n\n<figure class=\"wp-block-image alignwide size-large\"><a href=\"https:\/\/ref37.fr\/wp-content\/uploads\/2025\/11\/20220319_002124-scaled.jpg\"><img loading=\"lazy\" decoding=\"async\" width=\"1024\" height=\"320\" src=\"https:\/\/ref37.fr\/wp-content\/uploads\/2025\/11\/20220319_002124-1024x320.jpg\" alt=\"\" class=\"wp-image-213\" srcset=\"https:\/\/rct37.fr\/wp-content\/uploads\/2025\/11\/20220319_002124-1024x320.jpg 1024w, https:\/\/rct37.fr\/wp-content\/uploads\/2025\/11\/20220319_002124-300x94.jpg 300w, https:\/\/rct37.fr\/wp-content\/uploads\/2025\/11\/20220319_002124-768x240.jpg 768w, https:\/\/rct37.fr\/wp-content\/uploads\/2025\/11\/20220319_002124-1536x479.jpg 1536w, https:\/\/rct37.fr\/wp-content\/uploads\/2025\/11\/20220319_002124-2048x639.jpg 2048w\" sizes=\"auto, (max-width: 1024px) 100vw, 1024px\" \/><\/a><\/figure>\n\n\n\n<p class=\"has-text-align-left\"><strong><em>19\/03\/22<\/em><\/strong><\/p>\n","protected":false},"excerpt":{"rendered":"<p>Ann\u00e9e 2022 Assembl\u00e9e g\u00e9n\u00e9rale 2022 25\/03\/22 Suites Et Fin des Travaux Dans La Salle Radio !!! 19\/03\/22<\/p>\n","protected":false},"author":1,"featured_media":0,"parent":0,"menu_order":0,"comment_status":"closed","ping_status":"closed","template":"","meta":{"footnotes":""},"class_list":["post-45","page","type-page","status-publish","hentry"],"jetpack_sharing_enabled":true,"_links":{"self":[{"href":"https:\/\/rct37.fr\/index.php\/wp-json\/wp\/v2\/pages\/45","targetHints":{"allow":["GET"]}}],"collection":[{"href":"https:\/\/rct37.fr\/index.php\/wp-json\/wp\/v2\/pages"}],"about":[{"href":"https:\/\/rct37.fr\/index.php\/wp-json\/wp\/v2\/types\/page"}],"author":[{"embeddable":true,"href":"https:\/\/rct37.fr\/index.php\/wp-json\/wp\/v2\/users\/1"}],"replies":[{"embeddable":true,"href":"https:\/\/rct37.fr\/index.php\/wp-json\/wp\/v2\/comments?post=45"}],"version-history":[{"count":0,"href":"https:\/\/rct37.fr\/index.php\/wp-json\/wp\/v2\/pages\/45\/revisions"}],"wp:attachment":[{"href":"https:\/\/rct37.fr\/index.php\/wp-json\/wp\/v2\/media?parent=45"}],"curies":[{"name":"wp","href":"https:\/\/api.w.org\/{rel}","templated":true}]}}