{"id":516,"date":"2026-01-20T16:33:41","date_gmt":"2026-01-20T15:33:41","guid":{"rendered":"https:\/\/ref37.fr\/?page_id=516"},"modified":"2026-04-09T19:23:04","modified_gmt":"2026-04-09T17:23:04","slug":"annee-2026-2","status":"publish","type":"page","link":"https:\/\/rct37.fr\/index.php\/annee-2026-2\/","title":{"rendered":"Ann\u00e9e 2026"},"content":{"rendered":"\n<div class=\"wp-block-columns alignwide is-layout-flex wp-container-core-columns-is-layout-28f84493 wp-block-columns-is-layout-flex\">\n<div class=\"wp-block-column is-layout-flow wp-block-column-is-layout-flow\">\n<h1 class=\"wp-block-heading has-text-align-center\"><strong>Installation d&rsquo;un petit r\u00e9seau d&rsquo;air pour l&rsquo;atelier <\/strong><\/h1>\n\n\n\n<h2 class=\"wp-block-heading has-text-align-center has-large-font-size\"><strong>Sous le regard attentif du pr\u00e9sident&#8230;F4LFH et F4LFB installent le d\u00e9rouleur du compresseur<\/strong><\/h2>\n\n\n\n<figure class=\"wp-block-image aligncenter size-large is-resized\"><img loading=\"lazy\" decoding=\"async\" width=\"768\" height=\"1024\" src=\"https:\/\/rct37.fr\/wp-content\/uploads\/2026\/04\/666165748_1600503078745132_2686743574802334395_n-768x1024.jpg\" alt=\"\" class=\"wp-image-561\" style=\"aspect-ratio:0.7500043726934043;width:953px;height:auto\" srcset=\"https:\/\/rct37.fr\/wp-content\/uploads\/2026\/04\/666165748_1600503078745132_2686743574802334395_n-768x1024.jpg 768w, https:\/\/rct37.fr\/wp-content\/uploads\/2026\/04\/666165748_1600503078745132_2686743574802334395_n-225x300.jpg 225w, https:\/\/rct37.fr\/wp-content\/uploads\/2026\/04\/666165748_1600503078745132_2686743574802334395_n-1152x1536.jpg 1152w, https:\/\/rct37.fr\/wp-content\/uploads\/2026\/04\/666165748_1600503078745132_2686743574802334395_n.jpg 1536w\" sizes=\"auto, (max-width: 768px) 100vw, 768px\" \/><\/figure>\n\n\n\n<p class=\"has-medium-font-size\"><em>06\/03\/202<\/em>6<\/p>\n<\/div>\n<\/div>\n\n\n\n<hr class=\"wp-block-separator has-alpha-channel-opacity\"\/>\n\n\n\n<div class=\"wp-block-columns alignwide is-layout-flex wp-container-core-columns-is-layout-28f84493 wp-block-columns-is-layout-flex\">\n<div class=\"wp-block-column is-layout-flow wp-block-column-is-layout-flow\">\n<h1 class=\"wp-block-heading has-text-align-center\"><strong>Assembl\u00e9e general 2026<\/strong><\/h1>\n\n\n\n<h2 class=\"wp-block-heading has-text-align-left has-large-font-size\"><strong>Redifusion de l&rsquo;assembl\u00e9e g\u00e9n\u00e9rale<\/strong><\/h2>\n\n\n\n<figure class=\"wp-block-image size-large is-resized\"><img loading=\"lazy\" decoding=\"async\" width=\"1024\" height=\"576\" src=\"https:\/\/ref37.fr\/wp-content\/uploads\/2026\/03\/AG2026-1024x576.png\" alt=\"\" class=\"wp-image-543\" style=\"width:1340px;height:auto\" srcset=\"https:\/\/rct37.fr\/wp-content\/uploads\/2026\/03\/AG2026-1024x576.png 1024w, https:\/\/rct37.fr\/wp-content\/uploads\/2026\/03\/AG2026-300x169.png 300w, https:\/\/rct37.fr\/wp-content\/uploads\/2026\/03\/AG2026-768x432.png 768w, https:\/\/rct37.fr\/wp-content\/uploads\/2026\/03\/AG2026-1536x864.png 1536w, https:\/\/rct37.fr\/wp-content\/uploads\/2026\/03\/AG2026-2048x1152.png 2048w\" sizes=\"auto, (max-width: 1024px) 100vw, 1024px\" \/><\/figure>\n\n\n\n<p class=\"has-medium-font-size\"><em>06\/03\/202<\/em>6<\/p>\n<\/div>\n<\/div>\n\n\n\n<hr class=\"wp-block-separator has-alpha-channel-opacity\"\/>\n\n\n\n<div class=\"wp-block-columns alignwide is-layout-flex wp-container-core-columns-is-layout-28f84493 wp-block-columns-is-layout-flex\">\n<div class=\"wp-block-column is-layout-flow wp-block-column-is-layout-flow\">\n<h1 class=\"wp-block-heading has-text-align-center\"><strong>Rangement et Modification de la baie<\/strong><\/h1>\n\n\n\n<h2 class=\"wp-block-heading has-text-align-left has-large-font-size\"><strong>Remplacement des deux switch \u00e0 100 Mb\/s anciens et bruyants par un switch plus r\u00e9cent et managable un Juniper ex3300 48p Poe+ , et ajout de 2 panneaux de brassage.<\/strong><\/h2>\n\n\n\n<figure class=\"wp-block-image aligncenter size-large is-resized\"><img loading=\"lazy\" decoding=\"async\" width=\"577\" height=\"1024\" src=\"https:\/\/ref37.fr\/wp-content\/uploads\/2026\/03\/20260131_020557-577x1024.jpg\" alt=\"\" class=\"wp-image-531\" style=\"width:425px;height:auto\" srcset=\"https:\/\/rct37.fr\/wp-content\/uploads\/2026\/03\/20260131_020557-577x1024.jpg 577w, https:\/\/rct37.fr\/wp-content\/uploads\/2026\/03\/20260131_020557-169x300.jpg 169w, https:\/\/rct37.fr\/wp-content\/uploads\/2026\/03\/20260131_020557-768x1364.jpg 768w, https:\/\/rct37.fr\/wp-content\/uploads\/2026\/03\/20260131_020557-865x1536.jpg 865w, https:\/\/rct37.fr\/wp-content\/uploads\/2026\/03\/20260131_020557-rotated.jpg 1079w\" sizes=\"auto, (max-width: 577px) 100vw, 577px\" \/><\/figure>\n\n\n\n<p class=\"has-medium-font-size\"><em>01\/01\/202<\/em>6<\/p>\n<\/div>\n<\/div>\n\n\n\n<hr class=\"wp-block-separator has-alpha-channel-opacity\"\/>\n","protected":false},"excerpt":{"rendered":"<p>Installation d&rsquo;un petit r\u00e9seau d&rsquo;air pour l&rsquo;atelier Sous le regard attentif du pr\u00e9sident&#8230;F4LFH et F4LFB installent le d\u00e9rouleur du compresseur 06\/03\/2026 Assembl\u00e9e general 2026 Redifusion de l&rsquo;assembl\u00e9e g\u00e9n\u00e9rale 06\/03\/2026 Rangement et Modification de la baie Remplacement des deux switch \u00e0 100 Mb\/s anciens et bruyants par un switch plus r\u00e9cent et managable un Juniper ex3300 [&hellip;]<\/p>\n","protected":false},"author":1,"featured_media":0,"parent":0,"menu_order":0,"comment_status":"closed","ping_status":"closed","template":"","meta":{"footnotes":""},"class_list":["post-516","page","type-page","status-publish","hentry"],"jetpack_sharing_enabled":true,"_links":{"self":[{"href":"https:\/\/rct37.fr\/index.php\/wp-json\/wp\/v2\/pages\/516","targetHints":{"allow":["GET"]}}],"collection":[{"href":"https:\/\/rct37.fr\/index.php\/wp-json\/wp\/v2\/pages"}],"about":[{"href":"https:\/\/rct37.fr\/index.php\/wp-json\/wp\/v2\/types\/page"}],"author":[{"embeddable":true,"href":"https:\/\/rct37.fr\/index.php\/wp-json\/wp\/v2\/users\/1"}],"replies":[{"embeddable":true,"href":"https:\/\/rct37.fr\/index.php\/wp-json\/wp\/v2\/comments?post=516"}],"version-history":[{"count":4,"href":"https:\/\/rct37.fr\/index.php\/wp-json\/wp\/v2\/pages\/516\/revisions"}],"predecessor-version":[{"id":565,"href":"https:\/\/rct37.fr\/index.php\/wp-json\/wp\/v2\/pages\/516\/revisions\/565"}],"wp:attachment":[{"href":"https:\/\/rct37.fr\/index.php\/wp-json\/wp\/v2\/media?parent=516"}],"curies":[{"name":"wp","href":"https:\/\/api.w.org\/{rel}","templated":true}]}}